{"id":170,"date":"2024-04-30T06:02:53","date_gmt":"2024-04-30T06:02:53","guid":{"rendered":"https:\/\/mobileslook.com\/?page_id=170"},"modified":"2024-11-12T00:34:10","modified_gmt":"2024-11-12T00:34:10","slug":"zasady-ochrany-osobnich-udaju","status":"publish","type":"page","link":"https:\/\/mobileslook.com\/cs\/politica-de-privacidade\/","title":{"rendered":"Z\u00e1sady ochrany osobn\u00edch \u00fadaj\u016f"},"content":{"rendered":"<p>Va\u0161e soukrom\u00ed je pro n\u00e1s d\u016fle\u017eit\u00e9. Z\u00e1sadou spole\u010dnosti MobilesLook je respektovat va\u0161e soukrom\u00ed ohledn\u011b jak\u00fdchkoli informac\u00ed, kter\u00e9 od v\u00e1s m\u016f\u017eeme shrom\u00e1\u017edit na webov\u00fdch str\u00e1nk\u00e1ch MobilesLook a na jin\u00fdch webov\u00fdch str\u00e1nk\u00e1ch, kter\u00e9 vlastn\u00edme a provozujeme. Osobn\u00ed \u00fadaje po\u017eadujeme pouze tehdy, kdy\u017e je skute\u010dn\u011b pot\u0159ebujeme k tomu, abychom v\u00e1m mohli poskytnout slu\u017ebu. \u010cin\u00edme tak spravedliv\u00fdmi a z\u00e1konn\u00fdmi prost\u0159edky, s va\u0161\u00edm v\u011bdom\u00edm a souhlasem. Tak\u00e9 v\u00e1m \u0159ekneme, pro\u010d jej sb\u00edr\u00e1me a jak bude pou\u017eit. Shrom\u00e1\u017ed\u011bn\u00e9 informace uchov\u00e1v\u00e1me pouze po dobu nezbytn\u011b nutnou k poskytnut\u00ed po\u017eadovan\u00e9 slu\u017eby. Kdy\u017e data uchov\u00e1v\u00e1me, chr\u00e1n\u00edme je komer\u010dn\u011b p\u0159ijateln\u00fdmi prost\u0159edky, abychom zabr\u00e1nili ztr\u00e1t\u011b a kr\u00e1de\u017ei a tak\u00e9 neopr\u00e1vn\u011bn\u00e9mu p\u0159\u00edstupu, zve\u0159ejn\u011bn\u00ed, kop\u00edrov\u00e1n\u00ed, pou\u017eit\u00ed nebo \u00faprav\u011b. Osobn\u00ed \u00fadaje nesd\u00edl\u00edme ve\u0159ejn\u011b ani se t\u0159et\u00edmi stranami, pokud to nevy\u017eaduje z\u00e1kon. Na\u0161e webov\u00e9 str\u00e1nky mohou obsahovat odkazy na extern\u00ed webov\u00e9 str\u00e1nky, kter\u00e9 neprovozujeme. Uv\u011bdomte si pros\u00edm, \u017ee nem\u00e1me \u017e\u00e1dnou kontrolu nad obsahem a praktikami t\u011bchto str\u00e1nek a nem\u016f\u017eeme p\u0159ijmout odpov\u011bdnost za jejich p\u0159\u00edslu\u0161n\u00e9 z\u00e1sady ochrany osobn\u00edch \u00fadaj\u016f. M\u016f\u017eete odm\u00edtnout na\u0161i \u017e\u00e1dost o va\u0161e osobn\u00ed \u00fadaje s t\u00edm, \u017ee v\u00e1m mo\u017en\u00e1 nebudeme moci poskytnout n\u011bkter\u00e9 z v\u00e1mi po\u017eadovan\u00fdch slu\u017eeb. Va\u0161e dal\u0161\u00ed pou\u017e\u00edv\u00e1n\u00ed na\u0161ich webov\u00fdch str\u00e1nek bude pova\u017eov\u00e1no za p\u0159ijet\u00ed na\u0161ich postup\u016f v oblasti ochrany osobn\u00edch \u00fadaj\u016f a osobn\u00edch \u00fadaj\u016f. M\u00e1te-li jak\u00e9koli dotazy ohledn\u011b toho, jak nakl\u00e1d\u00e1me s u\u017eivatelsk\u00fdmi \u00fadaji a osobn\u00edmi \u00fadaji, kontaktujte n\u00e1s.<\/p>\n\n\n\n<p><strong>Z\u00e1sady soubor\u016f cookie MobilesLook<\/strong><\/p>\n\n\n\n<p><strong>Co jsou cookies?<\/strong> Jak je b\u011b\u017enou prax\u00ed u t\u00e9m\u011b\u0159 v\u0161ech profesion\u00e1ln\u00edch webov\u00fdch str\u00e1nek, tato str\u00e1nka pou\u017e\u00edv\u00e1 cookies, co\u017e jsou mal\u00e9 soubory, kter\u00e9 se stahuj\u00ed do va\u0161eho po\u010d\u00edta\u010de, aby se zlep\u0161ila va\u0161e zku\u0161enost. Tato str\u00e1nka popisuje, jak\u00e9 informace shroma\u017e\u010fuj\u00ed, jak je pou\u017e\u00edv\u00e1me a pro\u010d n\u011bkdy pot\u0159ebujeme tyto soubory cookie ukl\u00e1dat. Pod\u011bl\u00edme se tak\u00e9 o to, jak m\u016f\u017eete zabr\u00e1nit ukl\u00e1d\u00e1n\u00ed t\u011bchto soubor\u016f cookie, co\u017e v\u0161ak m\u016f\u017ee sn\u00ed\u017eit nebo \u201enaru\u0161it\u201c ur\u010dit\u00e9 prvky funk\u010dnosti webu.<\/p>\n\n\n\n<p><strong>Jak pou\u017e\u00edv\u00e1me soubory cookie?<\/strong> Soubory cookie pou\u017e\u00edv\u00e1me z mnoha d\u016fvod\u016f, kter\u00e9 jsou podrobn\u011b pops\u00e1ny n\u00ed\u017ee. Bohu\u017eel ve v\u011bt\u0161in\u011b p\u0159\u00edpad\u016f neexistuj\u00ed \u017e\u00e1dn\u00e9 standardn\u00ed mo\u017enosti pro zak\u00e1z\u00e1n\u00ed soubor\u016f cookie bez \u00fapln\u00e9ho zak\u00e1z\u00e1n\u00ed funkc\u00ed a funkc\u00ed, kter\u00e9 p\u0159id\u00e1vaj\u00ed na tento web. Pokud si nejste jisti, zda je pot\u0159ebujete v p\u0159\u00edpad\u011b, \u017ee se pou\u017e\u00edvaj\u00ed k poskytov\u00e1n\u00ed slu\u017eby, kterou pou\u017e\u00edv\u00e1te, doporu\u010dujeme ponechat v\u0161echny soubory cookie.<\/p>\n\n\n\n<p><strong>Zak\u00e1zat soubory cookie<\/strong> Nastaven\u00ed cookies m\u016f\u017eete zabr\u00e1nit \u00fapravou nastaven\u00ed va\u0161eho prohl\u00ed\u017ee\u010de (viz N\u00e1pov\u011bda va\u0161eho prohl\u00ed\u017ee\u010de, jak to ud\u011blat). Uv\u011bdomte si pros\u00edm, \u017ee zak\u00e1z\u00e1n\u00ed soubor\u016f cookie ovlivn\u00ed funk\u010dnost t\u00e9to a mnoha dal\u0161\u00edch webov\u00fdch str\u00e1nek, kter\u00e9 nav\u0161t\u00edv\u00edte. Zak\u00e1z\u00e1n\u00ed soubor\u016f cookie obecn\u011b povede k deaktivaci ur\u010dit\u00fdch funkc\u00ed a vlastnost\u00ed tohoto webu. Proto se doporu\u010duje nezakazovat soubory cookie.<\/p>\n\n\n\n<p><strong>Soubory cookie, kter\u00e9 jsme nastavili<\/strong><\/p>\n\n\n\n<ul class=\"wp-block-list\">\n<li><strong>Cookies souvisej\u00edc\u00ed s \u00fa\u010dtem<\/strong>: Pokud si u n\u00e1s vytvo\u0159\u00edte \u00fa\u010det, budeme pou\u017e\u00edvat soubory cookie ke spr\u00e1v\u011b registra\u010dn\u00edho procesu a obecn\u00e9 administrace. Tyto soubory cookie budou obvykle vymaz\u00e1ny, kdy\u017e se odhl\u00e1s\u00edte, v n\u011bkter\u00fdch p\u0159\u00edpadech v\u0161ak mohou z\u016fstat i pot\u00e9, aby si pamatovaly va\u0161e p\u0159edvolby webu, kdy\u017e se odhl\u00e1s\u00edte.<\/li>\n\n\n\n<li><strong>Cookies souvisej\u00edc\u00ed s p\u0159ihl\u00e1\u0161en\u00edm<\/strong>: Soubory cookie pou\u017e\u00edv\u00e1me, kdy\u017e jste p\u0159ihl\u00e1\u0161eni, abychom si tuto akci zapamatovali. D\u00edky tomu se nemus\u00edte p\u0159ihla\u0161ovat poka\u017ed\u00e9, kdy\u017e nav\u0161t\u00edv\u00edte novou str\u00e1nku. Tyto soubory cookie jsou obvykle odstran\u011bny nebo vymaz\u00e1ny, kdy\u017e se odhl\u00e1s\u00edte, aby bylo zaji\u0161t\u011bno, \u017ee po p\u0159ihl\u00e1\u0161en\u00ed budete m\u00edt p\u0159\u00edstup pouze k omezen\u00fdm funkc\u00edm a oblastem.<\/li>\n\n\n\n<li><strong>Soubory cookie souvisej\u00edc\u00ed s e-mailov\u00fdmi zpravodaji<\/strong>: Tato str\u00e1nka nab\u00edz\u00ed slu\u017eby odb\u011bru novinek nebo e-mail\u016f a soubory cookie mohou b\u00fdt pou\u017eity k zapamatov\u00e1n\u00ed, zda jste ji\u017e zaregistrov\u00e1ni a zda se maj\u00ed zobrazovat ur\u010dit\u00e1 upozorn\u011bn\u00ed platn\u00e1 pouze pro p\u0159ihl\u00e1\u0161en\u00e9\/odhl\u00e1\u0161en\u00e9 u\u017eivatele.<\/li>\n<\/ul>","protected":false},"excerpt":{"rendered":"<p>Va\u0161e soukrom\u00ed je pro n\u00e1s d\u016fle\u017eit\u00e9. Z\u00e1sadou spole\u010dnosti MobilesLook je respektovat va\u0161e soukrom\u00ed, pokud jde o ve\u0161ker\u00e9 informace, kter\u00e9 od v\u00e1s m\u016f\u017eeme shroma\u017e\u010fovat na webov\u00fdch str\u00e1nk\u00e1ch MobilesLook a dal\u0161\u00edch str\u00e1nk\u00e1ch, kter\u00e9 vlastn\u00edme a provozujeme. Osobn\u00ed \u00fadaje po\u017eadujeme pouze tehdy, kdy\u017e je skute\u010dn\u011b pot\u0159ebujeme k poskytov\u00e1n\u00ed slu\u017eeb. Shroma\u017e\u010fujeme je spravedliv\u00fdmi a z\u00e1konn\u00fdmi prost\u0159edky, p\u0159i\u010dem\u017e\u2026 <a title=\"Z\u00e1sady ochrany osobn\u00edch \u00fadaj\u016f\" class=\"read-more\" href=\"https:\/\/mobileslook.com\/cs\/politica-de-privacidade\/\" aria-label=\"Zde jsou Z\u00e1sady ochrany osobn\u00edch \u00fadaj\u016f\">P\u0159e\u010dt\u011bte si v\u00edce<\/a><\/p>","protected":false},"author":1,"featured_media":0,"parent":0,"menu_order":0,"comment_status":"closed","ping_status":"closed","template":"","meta":{"footnotes":""},"class_list":["post-170","page","type-page","status-publish"],"_links":{"self":[{"href":"https:\/\/mobileslook.com\/cs\/wp-json\/wp\/v2\/pages\/170","targetHints":{"allow":["GET"]}}],"collection":[{"href":"https:\/\/mobileslook.com\/cs\/wp-json\/wp\/v2\/pages"}],"about":[{"href":"https:\/\/mobileslook.com\/cs\/wp-json\/wp\/v2\/types\/page"}],"author":[{"embeddable":true,"href":"https:\/\/mobileslook.com\/cs\/wp-json\/wp\/v2\/users\/1"}],"replies":[{"embeddable":true,"href":"https:\/\/mobileslook.com\/cs\/wp-json\/wp\/v2\/comments?post=170"}],"version-history":[{"count":1,"href":"https:\/\/mobileslook.com\/cs\/wp-json\/wp\/v2\/pages\/170\/revisions"}],"predecessor-version":[{"id":173,"href":"https:\/\/mobileslook.com\/cs\/wp-json\/wp\/v2\/pages\/170\/revisions\/173"}],"wp:attachment":[{"href":"https:\/\/mobileslook.com\/cs\/wp-json\/wp\/v2\/media?parent=170"}],"curies":[{"name":"wp","href":"https:\/\/api.w.org\/{rel}","templated":true}]}}