{"id":177,"date":"2024-04-30T06:04:09","date_gmt":"2024-04-30T06:04:09","guid":{"rendered":"https:\/\/mobileslook.com\/?page_id=177"},"modified":"2024-04-30T06:04:09","modified_gmt":"2024-04-30T06:04:09","slug":"kontakt","status":"publish","type":"page","link":"https:\/\/mobileslook.com\/cs\/contato\/","title":{"rendered":"Kontakt"},"content":{"rendered":"<p>M\u00e1te-li jak\u00e9koli dotazy nebo n\u00e1vrhy, kontaktujte n\u00e1s prost\u0159ednictv\u00edm n\u00ed\u017ee uveden\u00e9ho e-mailu:<\/p>\n\n\n\n<p>contato@mobileslook.com<\/p>","protected":false},"excerpt":{"rendered":"<p>Dotazy, n\u00e1vrhy, kontaktujte n\u00e1s pros\u00edm na n\u00ed\u017ee uveden\u00e9m e-mailu: contato@mobileslook.com<\/p>","protected":false},"author":1,"featured_media":0,"parent":0,"menu_order":0,"comment_status":"closed","ping_status":"closed","template":"","meta":{"footnotes":""},"class_list":["post-177","page","type-page","status-publish"],"_links":{"self":[{"href":"https:\/\/mobileslook.com\/cs\/wp-json\/wp\/v2\/pages\/177","targetHints":{"allow":["GET"]}}],"collection":[{"href":"https:\/\/mobileslook.com\/cs\/wp-json\/wp\/v2\/pages"}],"about":[{"href":"https:\/\/mobileslook.com\/cs\/wp-json\/wp\/v2\/types\/page"}],"author":[{"embeddable":true,"href":"https:\/\/mobileslook.com\/cs\/wp-json\/wp\/v2\/users\/1"}],"replies":[{"embeddable":true,"href":"https:\/\/mobileslook.com\/cs\/wp-json\/wp\/v2\/comments?post=177"}],"version-history":[{"count":1,"href":"https:\/\/mobileslook.com\/cs\/wp-json\/wp\/v2\/pages\/177\/revisions"}],"predecessor-version":[{"id":178,"href":"https:\/\/mobileslook.com\/cs\/wp-json\/wp\/v2\/pages\/177\/revisions\/178"}],"wp:attachment":[{"href":"https:\/\/mobileslook.com\/cs\/wp-json\/wp\/v2\/media?parent=177"}],"curies":[{"name":"wp","href":"https:\/\/api.w.org\/{rel}","templated":true}]}}