{"id":170,"date":"2024-04-30T06:02:53","date_gmt":"2024-04-30T06:02:53","guid":{"rendered":"https:\/\/mobileslook.com\/?page_id=170"},"modified":"2024-11-12T00:34:10","modified_gmt":"2024-11-12T00:34:10","slug":"politique-de-confidentialite","status":"publish","type":"page","link":"https:\/\/mobileslook.com\/fr\/politica-de-privacidade\/","title":{"rendered":"politique de confidentialit\u00e9"},"content":{"rendered":"<p>Votre vie priv\u00e9e est importante pour nous. La politique de MobilesLook est de respecter votre vie priv\u00e9e concernant toute information que nous pouvons collecter aupr\u00e8s de vous sur le site Web MobilesLook et sur d&#039;autres sites Web que nous poss\u00e9dons et exploitons. Nous ne demandons des informations personnelles que lorsque nous en avons r\u00e9ellement besoin pour vous fournir un service. Nous le faisons par des moyens justes et l\u00e9gaux, avec votre connaissance et votre consentement. Nous vous expliquons \u00e9galement pourquoi nous les collectons et comment ils seront utilis\u00e9s. Nous ne conservons les informations collect\u00e9es que le temps n\u00e9cessaire pour fournir le service demand\u00e9. Lorsque nous stockons des donn\u00e9es, nous les prot\u00e9geons par des moyens commercialement acceptables pour emp\u00eacher la perte et le vol, ainsi que l&#039;acc\u00e8s, la divulgation, la copie, l&#039;utilisation ou la modification non autoris\u00e9s. Nous ne partageons pas d&#039;informations personnelles identifiables publiquement ou avec des tiers, sauf lorsque la loi l&#039;exige. Notre site Web peut contenir des liens vers des sites Web externes qui ne sont pas exploit\u00e9s par nous. Veuillez noter que nous n&#039;avons aucun contr\u00f4le sur le contenu et les pratiques de ces sites et ne pouvons accepter la responsabilit\u00e9 de leurs politiques de confidentialit\u00e9 respectives. Vous \u00eates libre de refuser notre demande concernant vos informations personnelles, \u00e9tant entendu que nous pourrions ne pas \u00eatre en mesure de vous fournir certains des services souhait\u00e9s. Votre utilisation continue de notre site Web sera consid\u00e9r\u00e9e comme une acceptation de nos pratiques en mati\u00e8re de confidentialit\u00e9 et d\u2019informations personnelles. Si vous avez des questions sur la mani\u00e8re dont nous traitons les donn\u00e9es utilisateur et les informations personnelles, veuillez nous contacter.<\/p>\n\n\n\n<p><strong>Politique en mati\u00e8re de cookies de MobilesLook<\/strong><\/p>\n\n\n\n<p><strong>Que sont les cookies ?<\/strong> Comme c&#039;est une pratique courante sur presque tous les sites Web professionnels, ce site utilise des cookies, qui sont de petits fichiers t\u00e9l\u00e9charg\u00e9s sur votre ordinateur, pour am\u00e9liorer votre exp\u00e9rience. Cette page d\u00e9crit les informations qu&#039;ils collectent, comment nous les utilisons et pourquoi nous devons parfois stocker ces cookies. Nous vous expliquerons \u00e9galement comment vous pouvez emp\u00eacher le stockage de ces cookies, mais cela pourrait d\u00e9grader ou \u00ab casser \u00bb certains \u00e9l\u00e9ments des fonctionnalit\u00e9s du site.<\/p>\n\n\n\n<p><strong>Comment utilisons-nous les cookies ?<\/strong> Nous utilisons des cookies pour un certain nombre de raisons, d\u00e9taill\u00e9es ci-dessous. Malheureusement, dans la plupart des cas, il n&#039;existe aucune option standard de l&#039;industrie pour d\u00e9sactiver les cookies sans d\u00e9sactiver compl\u00e8tement les fonctionnalit\u00e9s et les caract\u00e9ristiques qu&#039;ils ajoutent \u00e0 ce site. Il est recommand\u00e9 de laisser tous les cookies si vous n&#039;\u00eates pas s\u00fbr d&#039;en avoir besoin ou non au cas o\u00f9 ils seraient utilis\u00e9s pour fournir un service que vous utilisez.<\/p>\n\n\n\n<p><strong>D\u00e9sactiver les cookies<\/strong> Vous pouvez emp\u00eacher l&#039;installation de cookies en ajustant les param\u00e8tres de votre navigateur (voir l&#039;aide de votre navigateur pour savoir comment proc\u00e9der). Veuillez noter que la d\u00e9sactivation des cookies affectera la fonctionnalit\u00e9 de ce site et de nombreux autres sites Web que vous visitez. La d\u00e9sactivation des cookies entra\u00eenera g\u00e9n\u00e9ralement la d\u00e9sactivation de certaines fonctionnalit\u00e9s et caract\u00e9ristiques de ce site Web. Il est donc recommand\u00e9 de ne pas d\u00e9sactiver les cookies.<\/p>\n\n\n\n<p><strong>Cookies que nous d\u00e9finissons<\/strong><\/p>\n\n\n\n<ul class=\"wp-block-list\">\n<li><strong>Cookies li\u00e9s au compte<\/strong>: Si vous cr\u00e9ez un compte chez nous, nous utiliserons des cookies pour g\u00e9rer le processus d&#039;inscription et l&#039;administration g\u00e9n\u00e9rale. Ces cookies seront g\u00e9n\u00e9ralement supprim\u00e9s lorsque vous vous d\u00e9connecterez, mais dans certains cas, ils pourront rester par la suite pour m\u00e9moriser vos pr\u00e9f\u00e9rences de site lorsque vous vous d\u00e9connecterez.<\/li>\n\n\n\n<li><strong>Cookies li\u00e9s \u00e0 la connexion<\/strong>: Nous utilisons des cookies lorsque vous \u00eates connect\u00e9, afin que nous puissions m\u00e9moriser cette action. Cela vous \u00e9vite d&#039;avoir \u00e0 vous connecter \u00e0 chaque fois que vous visitez une nouvelle page. Ces cookies sont normalement supprim\u00e9s ou effac\u00e9s lorsque vous vous d\u00e9connectez pour garantir que vous ne pouvez acc\u00e9der aux fonctionnalit\u00e9s et zones restreintes que lorsque vous \u00eates connect\u00e9.<\/li>\n\n\n\n<li><strong>Cookies li\u00e9s aux newsletters \u00e9lectroniques<\/strong>: Ce site propose des services d&#039;abonnement \u00e0 une newsletter ou \u00e0 un e-mail et des cookies peuvent \u00eatre utilis\u00e9s pour m\u00e9moriser si vous \u00eates d\u00e9j\u00e0 inscrit et s&#039;il faut afficher certaines notifications valables uniquement pour les utilisateurs abonn\u00e9s\/d\u00e9sabonn\u00e9s.<\/li>\n<\/ul>","protected":false},"excerpt":{"rendered":"<p>Votre vie priv\u00e9e est importante pour nous. MobilesLook a pour politique de respecter votre vie priv\u00e9e concernant toute information que nous pouvons recueillir aupr\u00e8s de vous sur le site web de MobilesLook et sur les autres sites que nous poss\u00e9dons et exploitons. Nous ne demandons des informations personnelles que lorsque nous en avons r\u00e9ellement besoin pour fournir un service. Nous les collectons par des moyens justes et l\u00e9gaux, avec\u2026 <a title=\"politique de confidentialit\u00e9\" class=\"read-more\" href=\"https:\/\/mobileslook.com\/fr\/politica-de-privacidade\/\" aria-label=\"En savoir plus sur Politique de confidentialit\u00e9\">En savoir plus<\/a><\/p>","protected":false},"author":1,"featured_media":0,"parent":0,"menu_order":0,"comment_status":"closed","ping_status":"closed","template":"","meta":{"footnotes":""},"class_list":["post-170","page","type-page","status-publish"],"_links":{"self":[{"href":"https:\/\/mobileslook.com\/fr\/wp-json\/wp\/v2\/pages\/170","targetHints":{"allow":["GET"]}}],"collection":[{"href":"https:\/\/mobileslook.com\/fr\/wp-json\/wp\/v2\/pages"}],"about":[{"href":"https:\/\/mobileslook.com\/fr\/wp-json\/wp\/v2\/types\/page"}],"author":[{"embeddable":true,"href":"https:\/\/mobileslook.com\/fr\/wp-json\/wp\/v2\/users\/1"}],"replies":[{"embeddable":true,"href":"https:\/\/mobileslook.com\/fr\/wp-json\/wp\/v2\/comments?post=170"}],"version-history":[{"count":1,"href":"https:\/\/mobileslook.com\/fr\/wp-json\/wp\/v2\/pages\/170\/revisions"}],"predecessor-version":[{"id":173,"href":"https:\/\/mobileslook.com\/fr\/wp-json\/wp\/v2\/pages\/170\/revisions\/173"}],"wp:attachment":[{"href":"https:\/\/mobileslook.com\/fr\/wp-json\/wp\/v2\/media?parent=170"}],"curies":[{"name":"wp","href":"https:\/\/api.w.org\/{rel}","templated":true}]}}