{"id":174,"date":"2024-04-30T06:04:28","date_gmt":"2024-04-30T06:04:28","guid":{"rendered":"https:\/\/mobileslook.com\/?page_id=174"},"modified":"2024-11-12T00:34:12","modified_gmt":"2024-11-12T00:34:12","slug":"conditions-dutilisation","status":"publish","type":"page","link":"https:\/\/mobileslook.com\/fr\/termos-de-uso\/","title":{"rendered":"Conditions d&#039;utilisation"},"content":{"rendered":"<p>En acc\u00e9dant au site Web MobilesLook, vous acceptez d&#039;\u00eatre li\u00e9 par ces conditions d&#039;utilisation, toutes les lois et r\u00e9glementations applicables, et reconnaissez que vous \u00eates responsable du respect de toutes les lois locales applicables. Si vous n&#039;\u00eates pas d&#039;accord avec l&#039;une de ces conditions, il vous est interdit d&#039;utiliser ou d&#039;acc\u00e9der \u00e0 ce site. Le mat\u00e9riel contenu dans ce site est prot\u00e9g\u00e9 par les lois applicables sur les droits d&#039;auteur et les marques.<\/p>\n\n\n\n<ol class=\"wp-block-list\" start=\"2\">\n<li><strong>Utilisation de la licence<\/strong><\/li>\n<\/ol>\n\n\n\n<p>L&#039;autorisation est accord\u00e9e de t\u00e9l\u00e9charger temporairement une copie du mat\u00e9riel (informations ou logiciels) sur le site Web de MobilesLook pour une visualisation transitoire personnelle et non commerciale uniquement. Il s&#039;agit d&#039;une licence d&#039;utilisation, et non d&#039;un transfert de titre, et en vertu de cette licence, vous acceptez de ne pas\u00a0:<\/p>\n\n\n\n<ul class=\"wp-block-list\">\n<li>modifier ou copier les documents\u00a0;<\/li>\n\n\n\n<li>utiliser le mat\u00e9riel \u00e0 des fins commerciales ou pour une exposition publique (commerciale ou non commerciale)\u00a0;<\/li>\n\n\n\n<li>tenter de d\u00e9compiler ou d&#039;effectuer une ing\u00e9nierie inverse sur tout logiciel contenu sur le site Web de MobilesLook\u00a0;<\/li>\n\n\n\n<li>supprimer tout droit d&#039;auteur ou autre mention de propri\u00e9t\u00e9 des documents\u00a0; ou<\/li>\n\n\n\n<li>transf\u00e9rer les documents \u00e0 une autre personne ou \u00ab refl\u00e9ter \u00bb les documents sur tout autre serveur. Cette licence prendra fin automatiquement si vous violez l&#039;une de ces restrictions et peut \u00eatre r\u00e9sili\u00e9e par MobilesLook \u00e0 tout moment. \u00c0 la fin de votre consultation de ces documents ou \u00e0 la r\u00e9siliation de cette licence, vous devez supprimer tout mat\u00e9riel t\u00e9l\u00e9charg\u00e9 en votre possession, qu&#039;il soit au format \u00e9lectronique ou imprim\u00e9.<\/li>\n<\/ul>\n\n\n\n<ol class=\"wp-block-list\" start=\"3\">\n<li><strong>Clause de non-responsabilit\u00e9<\/strong><\/li>\n<\/ol>\n\n\n\n<p>Les documents pr\u00e9sents sur le site Web de MobilesLook sont fournis \u00ab tels quels \u00bb. MobilesLook n&#039;offre aucune garantie, expresse ou implicite, et d\u00e9cline et annule par la pr\u00e9sente toute autre garantie, y compris, sans limitation, les garanties ou conditions implicites de qualit\u00e9 marchande, d&#039;ad\u00e9quation \u00e0 un usage particulier ou de non-violation de la propri\u00e9t\u00e9 intellectuelle ou autre violation des droits. De plus, MobilesLook ne garantit ni ne fait aucune d\u00e9claration concernant l&#039;exactitude, les r\u00e9sultats probables ou la fiabilit\u00e9 de l&#039;utilisation du mat\u00e9riel sur son site Web ou autrement li\u00e9 \u00e0 ce mat\u00e9riel ou sur tout site li\u00e9 \u00e0 ce site.<\/p>\n\n\n\n<ol class=\"wp-block-list\" start=\"4\">\n<li><strong>Limites<\/strong><\/li>\n<\/ol>\n\n\n\n<p>En aucun cas MobilesLook ou ses fournisseurs ne pourront \u00eatre tenus responsables de tout dommage (y compris, sans limitation, les dommages dus \u00e0 une perte de donn\u00e9es ou de profit, ou \u00e0 une interruption des activit\u00e9s) d\u00e9coulant de l&#039;utilisation ou de l&#039;impossibilit\u00e9 d&#039;utiliser les \u00e9l\u00e9ments du site Web de MobilesLook, m\u00eame si MobilesLook ou un repr\u00e9sentant autoris\u00e9 de MobilesLook a \u00e9t\u00e9 inform\u00e9 oralement ou par \u00e9crit de la possibilit\u00e9 de tels dommages. \u00c9tant donn\u00e9 que certaines juridictions n&#039;autorisent pas les limitations des garanties implicites ou les limitations de responsabilit\u00e9 pour les dommages cons\u00e9cutifs ou accessoires, ces limitations peuvent ne pas s&#039;appliquer \u00e0 vous.<\/p>\n\n\n\n<ol class=\"wp-block-list\" start=\"5\">\n<li><strong>Pr\u00e9cision des mat\u00e9riaux<\/strong><\/li>\n<\/ol>\n\n\n\n<p>Les \u00e9l\u00e9ments apparaissant sur le site Web de MobilesLook peuvent contenir des erreurs techniques, typographiques ou photographiques. MobilesLook ne garantit pas que les \u00e9l\u00e9ments pr\u00e9sents sur son site Web sont exacts, complets ou \u00e0 jour. MobilesLook peut apporter des modifications aux \u00e9l\u00e9ments contenus sur son site Web \u00e0 tout moment et sans pr\u00e9avis. Cependant MobilesLook ne s&#039;engage pas \u00e0 mettre \u00e0 jour le mat\u00e9riel.<\/p>\n\n\n\n<ol class=\"wp-block-list\" start=\"6\">\n<li><strong>Liens<\/strong><\/li>\n<\/ol>\n\n\n\n<p>MobilesLook n&#039;a pas examin\u00e9 tous les sites li\u00e9s \u00e0 son site Web et n&#039;est pas responsable du contenu des sites li\u00e9s. L&#039;inclusion de tout lien n&#039;implique pas l&#039;approbation du site par MobilesLook. L&#039;utilisation de tout site li\u00e9 est aux propres risques de l&#039;utilisateur.<\/p>\n\n\n\n<p><strong>Modifications<\/strong><\/p>\n\n\n\n<p>MobilesLook peut r\u00e9viser ces conditions d&#039;utilisation de son site Web \u00e0 tout moment et sans pr\u00e9avis. En utilisant ce site Web, vous acceptez d&#039;\u00eatre li\u00e9 par la version actuelle de ces conditions d&#039;utilisation.<\/p>\n\n\n\n<p><strong>Loi applicable<\/strong><\/p>\n\n\n\n<p>Ces termes et conditions sont r\u00e9gis et interpr\u00e9t\u00e9s conform\u00e9ment aux lois de MobilesLook, et vous vous soumettez irr\u00e9vocablement \u00e0 la comp\u00e9tence exclusive des tribunaux de cet \u00c9tat ou lieu.<\/p>","protected":false},"excerpt":{"rendered":"<p>En acc\u00e9dant au site web MobilesLook, vous acceptez de vous conformer aux pr\u00e9sentes conditions d&#039;utilisation, \u00e0 toutes les lois et r\u00e9glementations applicables, et reconnaissez \u00eatre responsable du respect de toutes les lois locales applicables. Si vous n&#039;acceptez pas l&#039;une de ces conditions, il vous est interdit d&#039;utiliser ou d&#039;acc\u00e9der \u00e0 ce site. Les \u00e9l\u00e9ments contenus sur ce site sont prot\u00e9g\u00e9s par\u2026 <a title=\"Conditions d&#039;utilisation\" class=\"read-more\" href=\"https:\/\/mobileslook.com\/fr\/termos-de-uso\/\" aria-label=\"En savoir plus sur Conditions d&#039;utilisation\">En savoir plus<\/a><\/p>","protected":false},"author":1,"featured_media":0,"parent":0,"menu_order":0,"comment_status":"closed","ping_status":"closed","template":"","meta":{"footnotes":""},"class_list":["post-174","page","type-page","status-publish"],"_links":{"self":[{"href":"https:\/\/mobileslook.com\/fr\/wp-json\/wp\/v2\/pages\/174","targetHints":{"allow":["GET"]}}],"collection":[{"href":"https:\/\/mobileslook.com\/fr\/wp-json\/wp\/v2\/pages"}],"about":[{"href":"https:\/\/mobileslook.com\/fr\/wp-json\/wp\/v2\/types\/page"}],"author":[{"embeddable":true,"href":"https:\/\/mobileslook.com\/fr\/wp-json\/wp\/v2\/users\/1"}],"replies":[{"embeddable":true,"href":"https:\/\/mobileslook.com\/fr\/wp-json\/wp\/v2\/comments?post=174"}],"version-history":[{"count":1,"href":"https:\/\/mobileslook.com\/fr\/wp-json\/wp\/v2\/pages\/174\/revisions"}],"predecessor-version":[{"id":179,"href":"https:\/\/mobileslook.com\/fr\/wp-json\/wp\/v2\/pages\/174\/revisions\/179"}],"wp:attachment":[{"href":"https:\/\/mobileslook.com\/fr\/wp-json\/wp\/v2\/media?parent=174"}],"curies":[{"name":"wp","href":"https:\/\/api.w.org\/{rel}","templated":true}]}}