{"id":170,"date":"2024-04-30T06:02:53","date_gmt":"2024-04-30T06:02:53","guid":{"rendered":"https:\/\/mobileslook.com\/?page_id=170"},"modified":"2024-11-12T00:34:10","modified_gmt":"2024-11-12T00:34:10","slug":"politika-privatnosti","status":"publish","type":"page","link":"https:\/\/mobileslook.com\/hr\/politica-de-privacidade\/","title":{"rendered":"Politika privatnosti"},"content":{"rendered":"<p>Va\u0161a privatnost nam je va\u017ena. Politika tvrtke MobilesLook je po\u0161tivanje va\u0161e privatnosti u vezi sa svim informacijama koje mo\u017eemo prikupiti od vas na web stranici MobilesLook i drugim web stranicama koje posjedujemo i kojima upravljamo. Osobne podatke tra\u017eimo samo kada su nam zaista potrebni da bismo vam pru\u017eili uslugu. To \u010dinimo po\u0161tenim i zakonitim sredstvima, uz va\u0161e znanje i pristanak. Tako\u0111er vam ka\u017eemo za\u0161to ih prikupljamo i kako \u0107emo ih koristiti. Prikupljene podatke zadr\u017eavamo samo onoliko dugo koliko je potrebno za pru\u017eanje tra\u017eene usluge. Kada pohranjujemo podatke, \u0161titimo ih u okviru komercijalno prihvatljivih sredstava kako bismo sprije\u010dili gubitak i kra\u0111u, kao i neovla\u0161teni pristup, otkrivanje, kopiranje, kori\u0161tenje ili modificiranje. Ne dijelimo osobne podatke javno ili s tre\u0107im stranama, osim kada to zahtijeva zakon. Na\u0161a web stranica mo\u017ee sadr\u017eavati poveznice na vanjske web stranice kojima ne upravljamo mi. Imajte na umu da nemamo kontrolu nad sadr\u017eajem i praksama ovih stranica i ne mo\u017eemo prihvatiti odgovornost za njihova pravila privatnosti. Slobodni ste odbiti na\u0161 zahtjev za va\u0161im osobnim podacima, uz razumijevanje da vam mo\u017eda ne\u0107emo mo\u0107i pru\u017eiti neke od \u017eeljenih usluga. Va\u0161e daljnje kori\u0161tenje na\u0161e web stranice smatrat \u0107e se prihva\u0107anjem na\u0161e prakse u vezi s privatno\u0161\u0107u i osobnim podacima. Ako imate bilo kakvih pitanja o tome kako postupamo s korisni\u010dkim podacima i osobnim podacima, obratite nam se.<\/p>\n\n\n\n<p><strong>MobilesLook Politika kola\u010di\u0107a<\/strong><\/p>\n\n\n\n<p><strong>\u0160to su kola\u010di\u0107i?<\/strong> Kao \u0161to je uobi\u010dajena praksa kod gotovo svih profesionalnih web stranica, ova stranica koristi kola\u010di\u0107e, male datoteke koje se preuzimaju na va\u0161e ra\u010dunalo, kako bi pobolj\u0161ali va\u0161e iskustvo. Ova stranica opisuje koje informacije prikupljaju, kako ih koristimo i za\u0161to ponekad moramo pohraniti te kola\u010di\u0107e. Tako\u0111er \u0107emo podijeliti s vama kako mo\u017eete sprije\u010diti pohranjivanje ovih kola\u010di\u0107a, ali to mo\u017ee smanjiti ili &#039;pokvariti&#039; odre\u0111ene elemente funkcionalnosti stranice.<\/p>\n\n\n\n<p><strong>Kako koristimo kola\u010di\u0107e?<\/strong> Koristimo kola\u010di\u0107e iz vi\u0161e razloga, koji su detaljno navedeni u nastavku. Na\u017ealost, u ve\u0107ini slu\u010dajeva ne postoje industrijske standardne opcije za onemogu\u0107avanje kola\u010di\u0107a bez potpunog onemogu\u0107avanja funkcionalnosti i zna\u010dajki koje oni dodaju ovoj stranici. Preporu\u010da se da ostavite sve kola\u010di\u0107e ako niste sigurni trebaju li vam ili ne u slu\u010daju da se koriste za pru\u017eanje usluge koju koristite.<\/p>\n\n\n\n<p><strong>Onemogu\u0107i kola\u010di\u0107e<\/strong> Postavljanje kola\u010di\u0107a mo\u017eete sprije\u010diti pode\u0161avanjem postavki preglednika (pogledajte pomo\u0107 preglednika kako to u\u010diniti). Imajte na umu da \u0107e onemogu\u0107avanje kola\u010di\u0107a utjecati na funkcionalnost ove i mnogih drugih web stranica koje posje\u0107ujete. Onemogu\u0107avanje kola\u010di\u0107a op\u0107enito \u0107e rezultirati onemogu\u0107avanjem odre\u0111enih funkcija i zna\u010dajki ove web stranice. Stoga se preporu\u010duje da ne onemogu\u0107ite kola\u010di\u0107e.<\/p>\n\n\n\n<p><strong>Kola\u010di\u0107e postavljamo<\/strong><\/p>\n\n\n\n<ul class=\"wp-block-list\">\n<li><strong>Kola\u010di\u0107i vezani uz ra\u010dun<\/strong>: Ako kreirate ra\u010dun kod nas, koristit \u0107emo kola\u010di\u0107e za upravljanje postupkom registracije i op\u0107u administraciju. Ti \u0107e kola\u010di\u0107i obi\u010dno biti izbrisani kada se odjavite, ali u nekim slu\u010dajevima mogu ostati i nakon toga kako bi zapamtili postavke va\u0161e stranice kada se odjavite.<\/li>\n\n\n\n<li><strong>Kola\u010di\u0107i vezani uz prijavu<\/strong>: Koristimo kola\u010di\u0107e kada ste prijavljeni kako bismo zapamtili ovu radnju. To vas \u0161tedi potrebe za prijavom svaki put kada posjetite novu stranicu. Ovi se kola\u010di\u0107i obi\u010dno uklanjaju ili bri\u0161u kada se odjavite kako biste bili sigurni da mo\u017eete pristupiti samo ograni\u010denim zna\u010dajkama i podru\u010djima kada ste prijavljeni.<\/li>\n\n\n\n<li><strong>Kola\u010di\u0107i koji se odnose na biltene putem e-po\u0161te<\/strong>: Ova stranica nudi usluge pretplate na bilten ili e-po\u0161tu, a kola\u010di\u0107i se mogu koristiti kako bi zapamtili jeste li ve\u0107 registrirani i \u017eelite li prikazati odre\u0111ene obavijesti koje vrijede samo pretpla\u0107enim\/nepretpla\u0107enim korisnicima.<\/li>\n<\/ul>","protected":false},"excerpt":{"rendered":"<p>Va\u0161a privatnost nam je va\u017ena. Politika tvrtke MobilesLook je po\u0161tivati va\u0161u privatnost u vezi sa svim informacijama koje mo\u017eemo prikupiti od vas na web stranici MobilesLook i drugim stranicama koje posjedujemo i kojima upravljamo. Osobne podatke tra\u017eimo samo kada su nam zaista potrebni za pru\u017eanje usluge. Prikupljamo ih na po\u0161ten i zakonit na\u010din, uz\u2026 <a title=\"Politika privatnosti\" class=\"read-more\" href=\"https:\/\/mobileslook.com\/hr\/politica-de-privacidade\/\" aria-label=\"Pro\u010ditajte vi\u0161e o Pravilima privatnosti\">\u010citaj vi\u0161e<\/a><\/p>","protected":false},"author":1,"featured_media":0,"parent":0,"menu_order":0,"comment_status":"closed","ping_status":"closed","template":"","meta":{"footnotes":""},"class_list":["post-170","page","type-page","status-publish"],"_links":{"self":[{"href":"https:\/\/mobileslook.com\/hr\/wp-json\/wp\/v2\/pages\/170","targetHints":{"allow":["GET"]}}],"collection":[{"href":"https:\/\/mobileslook.com\/hr\/wp-json\/wp\/v2\/pages"}],"about":[{"href":"https:\/\/mobileslook.com\/hr\/wp-json\/wp\/v2\/types\/page"}],"author":[{"embeddable":true,"href":"https:\/\/mobileslook.com\/hr\/wp-json\/wp\/v2\/users\/1"}],"replies":[{"embeddable":true,"href":"https:\/\/mobileslook.com\/hr\/wp-json\/wp\/v2\/comments?post=170"}],"version-history":[{"count":1,"href":"https:\/\/mobileslook.com\/hr\/wp-json\/wp\/v2\/pages\/170\/revisions"}],"predecessor-version":[{"id":173,"href":"https:\/\/mobileslook.com\/hr\/wp-json\/wp\/v2\/pages\/170\/revisions\/173"}],"wp:attachment":[{"href":"https:\/\/mobileslook.com\/hr\/wp-json\/wp\/v2\/media?parent=170"}],"curies":[{"name":"radni list","href":"https:\/\/api.w.org\/{rel}","templated":true}]}}