{"id":174,"date":"2024-04-30T06:04:28","date_gmt":"2024-04-30T06:04:28","guid":{"rendered":"https:\/\/mobileslook.com\/?page_id=174"},"modified":"2024-11-12T00:34:12","modified_gmt":"2024-11-12T00:34:12","slug":"uvjeti-koristenja","status":"publish","type":"page","link":"https:\/\/mobileslook.com\/hr\/termos-de-uso\/","title":{"rendered":"Uvjeti kori\u0161tenja"},"content":{"rendered":"<p>Pristupom web stranici MobilesLook, sla\u017eete se s ovim uvjetima pru\u017eanja usluge, svim primjenjivim zakonima i propisima te prihva\u0107ate da ste odgovorni za po\u0161tivanje svih primjenjivih lokalnih zakona. Ako se ne sla\u017eete s bilo kojim od ovih uvjeta, zabranjeno vam je kori\u0161tenje ili pristup ovoj stranici. Materijali sadr\u017eani na ovoj stranici za\u0161ti\u0107eni su va\u017ee\u0107im zakonima o autorskim pravima i za\u0161titnim znakovima.<\/p>\n\n\n\n<ol class=\"wp-block-list\" start=\"2\">\n<li><strong>Kori\u0161tenje licence<\/strong><\/li>\n<\/ol>\n\n\n\n<p>Dopu\u0161teno je privremeno preuzimanje jedne kopije materijala (informacija ili softvera) na web stranici MobileLook samo za osobno, nekomercijalno prolazno gledanje. Ovo je licenca za kori\u0161tenje, a ne prijenos vlasni\u0161tva, i pod ovom licencom suglasni ste da ne\u0107ete:<\/p>\n\n\n\n<ul class=\"wp-block-list\">\n<li>mijenjati ili kopirati materijale;<\/li>\n\n\n\n<li>koristiti materijale u bilo koju komercijalnu svrhu ili za javno prikazivanje (komercijalno ili nekomercijalno);<\/li>\n\n\n\n<li>poku\u0161ati dekompilirati ili obrnuti in\u017eenjering bilo kojeg softvera koji se nalazi na web stranici MobilesLook;<\/li>\n\n\n\n<li>ukloniti sva autorska prava ili druge vlasni\u010dke oznake iz materijala; ili<\/li>\n\n\n\n<li>prenijeti materijale drugoj osobi ili &quot;zrcaliti&quot; materijale na bilo kojem drugom poslu\u017eitelju. Ova licenca \u0107e automatski prestati ako prekr\u0161ite bilo koje od ovih ograni\u010denja, a MobileLook je mo\u017ee ukinuti u bilo kojem trenutku. Nakon prestanka pregledavanja ovih materijala ili nakon raskida ove licence, morate izbrisati sve preuzete materijale u svom posjedu, bilo u elektroni\u010dkom ili tiskanom obliku.<\/li>\n<\/ul>\n\n\n\n<ol class=\"wp-block-list\" start=\"3\">\n<li><strong>Odricanje<\/strong><\/li>\n<\/ol>\n\n\n\n<p>Materijali na web stranici MobilesLook dostupni su &quot;kakvi jesu&quot;. MobilesLook ne daje nikakva jamstva, izri\u010dita ili pre\u0161utna, te se ovime odri\u010de i negira sva druga jamstva, uklju\u010duju\u0107i, bez ograni\u010denja, pre\u0161utna jamstva ili uvjete utr\u017eivosti, prikladnosti za odre\u0111enu svrhu ili nekr\u0161enja intelektualnog vlasni\u0161tva ili drugog kr\u0161enja prava. Nadalje, MobilesLook ne jam\u010di niti daje bilo kakve izjave o to\u010dnosti, vjerojatnim rezultatima ili pouzdanosti kori\u0161tenja materijala na svojoj web stranici ili na bilo koji drugi na\u010din koji se odnosi na takve materijale ili na bilo koje stranice povezane s ovom stranicom.<\/p>\n\n\n\n<ol class=\"wp-block-list\" start=\"4\">\n<li><strong>Ograni\u010denja<\/strong><\/li>\n<\/ol>\n\n\n\n<p>Ni u kojem slu\u010daju MobilesLook ili njegovi dobavlja\u010di ne\u0107e biti odgovorni za bilo kakvu \u0161tetu (uklju\u010duju\u0107i, bez ograni\u010denja, \u0161tetu zbog gubitka podataka ili dobiti, ili zbog prekida poslovanja) proiza\u0161lu iz kori\u0161tenja ili nemogu\u0107nosti kori\u0161tenja materijala na web stranici MobilesLook, \u010dak i ako MobilesLook ili ovla\u0161teni predstavnik MobilesLook-a je usmeno ili pismeno obavije\u0161ten o mogu\u0107nosti nastanka takve \u0161tete. Budu\u0107i da neke jurisdikcije ne dopu\u0161taju ograni\u010denja implicitnih jamstava ili ograni\u010denja odgovornosti za posljedi\u010dne ili slu\u010dajne \u0161tete, ta se ograni\u010denja mo\u017eda ne odnose na vas.<\/p>\n\n\n\n<ol class=\"wp-block-list\" start=\"5\">\n<li><strong>Preciznost materijala<\/strong><\/li>\n<\/ol>\n\n\n\n<p>Materijali koji se pojavljuju na web stranici MobilesLook mogu uklju\u010divati tehni\u010dke, tipografske ili fotografske pogre\u0161ke. MobilesLook ne jam\u010di da su materijali na njegovoj web stranici to\u010dni, potpuni ili aktualni. MobilesLook mo\u017ee mijenjati materijale sadr\u017eane na svojoj web stranici u bilo kojem trenutku bez prethodne obavijesti. Me\u0111utim, MobilesLook se ne obvezuje a\u017eurirati materijale.<\/p>\n\n\n\n<ol class=\"wp-block-list\" start=\"6\">\n<li><strong>Linkovi<\/strong><\/li>\n<\/ol>\n\n\n\n<p>MobilesLook nije pregledao sve stranice povezane s njegovom web stranicom i nije odgovoran za sadr\u017eaj bilo koje povezane stranice. Uklju\u010divanje bilo koje veze ne zna\u010di da MobileLook podr\u017eava web mjesto. Kori\u0161tenje bilo koje povezane stranice je na vlastitu odgovornost korisnika.<\/p>\n\n\n\n<p><strong>Izmjene<\/strong><\/p>\n\n\n\n<p>MobilesLook mo\u017ee revidirati ove uvjete pru\u017eanja usluge za svoje web mjesto u bilo kojem trenutku bez prethodne obavijesti. Kori\u0161tenjem ove web stranice suglasni ste s trenutnom verzijom ovih uvjeta pru\u017eanja usluge.<\/p>\n\n\n\n<p><strong>Mjerodavno pravo<\/strong><\/p>\n\n\n\n<p>Ovi uvjeti i odredbe ure\u0111eni su i tuma\u010de se u skladu sa zakonima MobilesLooka, a vi se neopozivo podvrgavate isklju\u010divoj nadle\u017enosti sudova u toj dr\u017eavi ili lokaciji.<\/p>","protected":false},"excerpt":{"rendered":"<p>Pristupom web stranici MobilesLook pristajete na po\u0161tivanje ovih uvjeta pru\u017eanja usluge, svih va\u017ee\u0107ih zakona i propisa te potvr\u0111ujete da ste odgovorni za po\u0161tivanje svih va\u017ee\u0107ih lokalnih zakona. Ako se ne sla\u017eete s bilo kojim od ovih uvjeta, zabranjeno vam je kori\u0161tenje ili pristup ovoj stranici. Materijali sadr\u017eani na ovoj stranici za\u0161ti\u0107eni su... <a title=\"Uvjeti kori\u0161tenja\" class=\"read-more\" href=\"https:\/\/mobileslook.com\/hr\/termos-de-uso\/\" aria-label=\"Pro\u010ditajte vi\u0161e o Uvjetima kori\u0161tenja\">\u010citaj vi\u0161e<\/a><\/p>","protected":false},"author":1,"featured_media":0,"parent":0,"menu_order":0,"comment_status":"closed","ping_status":"closed","template":"","meta":{"footnotes":""},"class_list":["post-174","page","type-page","status-publish"],"_links":{"self":[{"href":"https:\/\/mobileslook.com\/hr\/wp-json\/wp\/v2\/pages\/174","targetHints":{"allow":["GET"]}}],"collection":[{"href":"https:\/\/mobileslook.com\/hr\/wp-json\/wp\/v2\/pages"}],"about":[{"href":"https:\/\/mobileslook.com\/hr\/wp-json\/wp\/v2\/types\/page"}],"author":[{"embeddable":true,"href":"https:\/\/mobileslook.com\/hr\/wp-json\/wp\/v2\/users\/1"}],"replies":[{"embeddable":true,"href":"https:\/\/mobileslook.com\/hr\/wp-json\/wp\/v2\/comments?post=174"}],"version-history":[{"count":1,"href":"https:\/\/mobileslook.com\/hr\/wp-json\/wp\/v2\/pages\/174\/revisions"}],"predecessor-version":[{"id":179,"href":"https:\/\/mobileslook.com\/hr\/wp-json\/wp\/v2\/pages\/174\/revisions\/179"}],"wp:attachment":[{"href":"https:\/\/mobileslook.com\/hr\/wp-json\/wp\/v2\/media?parent=174"}],"curies":[{"name":"radni list","href":"https:\/\/api.w.org\/{rel}","templated":true}]}}