{"id":170,"date":"2024-04-30T06:02:53","date_gmt":"2024-04-30T06:02:53","guid":{"rendered":"https:\/\/mobileslook.com\/?page_id=170"},"modified":"2024-11-12T00:34:10","modified_gmt":"2024-11-12T00:34:10","slug":"adatvedelmi-iranyelvek","status":"publish","type":"page","link":"https:\/\/mobileslook.com\/hu\/politica-de-privacidade\/","title":{"rendered":"Adatv\u00e9delmi ir\u00e1nyelvek"},"content":{"rendered":"<p>Az \u00d6n adatainak v\u00e9delme fontos sz\u00e1munkra. A MobilesLook szab\u00e1lyzata szerint tiszteletben tartja az \u00d6n szem\u00e9lyes adatait a MobilesLook webhelyen \u00e9s a tulajdonunkban l\u00e9v\u0151 \u00e9s \u00e1ltalunk m\u0171k\u00f6dtetett m\u00e1s webhelyeken esetlegesen \u00d6nt\u0151l gy\u0171jt\u00f6tt inform\u00e1ci\u00f3k tekintet\u00e9ben. Csak akkor k\u00e9r\u00fcnk szem\u00e9lyes adatokat, ha val\u00f3ban sz\u00fcks\u00e9g\u00fcnk van r\u00e1juk egy szolg\u00e1ltat\u00e1s ny\u00fajt\u00e1s\u00e1hoz. Ezt tisztess\u00e9ges \u00e9s t\u00f6rv\u00e9nyes eszk\u00f6z\u00f6kkel, az \u00d6n tudt\u00e1val \u00e9s beleegyez\u00e9s\u00e9vel tessz\u00fck. Azt is elmondjuk, mi\u00e9rt gy\u0171jtj\u00fck, \u00e9s hogyan fogjuk felhaszn\u00e1lni. Az \u00f6sszegy\u0171jt\u00f6tt inform\u00e1ci\u00f3kat csak addig \u0151rizz\u00fck meg, am\u00edg az a k\u00e9rt szolg\u00e1ltat\u00e1s ny\u00fajt\u00e1s\u00e1hoz sz\u00fcks\u00e9ges. Amikor adatokat t\u00e1rolunk, azokat a kereskedelmileg elfogadhat\u00f3 m\u00f3don v\u00e9dj\u00fck, hogy megakad\u00e1lyozzuk az adatveszt\u00e9st \u00e9s lop\u00e1st, valamint a jogosulatlan hozz\u00e1f\u00e9r\u00e9st, nyilv\u00e1noss\u00e1gra hozatalt, m\u00e1sol\u00e1st, felhaszn\u00e1l\u00e1st vagy m\u00f3dos\u00edt\u00e1st. Szem\u00e9lyazonos\u00edt\u00e1sra alkalmas adatokat nem osztunk meg nyilv\u00e1nosan vagy harmadik felekkel, kiv\u00e9ve, ha azt t\u00f6rv\u00e9ny \u00edrja el\u0151. Weboldalunk tartalmazhat hivatkoz\u00e1sokat olyan k\u00fcls\u0151 webhelyekre, amelyeket nem mi \u00fczemeltet\u00fcnk. K\u00e9rj\u00fck, vegye figyelembe, hogy nincs befoly\u00e1sunk ezen webhelyek tartalm\u00e1ra \u00e9s gyakorlat\u00e1ra, \u00e9s nem v\u00e1llalhatunk felel\u0151ss\u00e9get a vonatkoz\u00f3 adatv\u00e9delmi szab\u00e1lyzatok\u00e9rt. \u00d6n szabadon visszautas\u00edthatja szem\u00e9lyes adataira vonatkoz\u00f3 k\u00e9r\u00e9s\u00fcnket, azzal a tudattal, hogy el\u0151fordulhat, hogy nem tudjuk biztos\u00edtani \u00d6nnek az \u00d6n \u00e1ltal k\u00edv\u00e1nt szolg\u00e1ltat\u00e1sok egy r\u00e9sz\u00e9t. Weboldalunk tov\u00e1bbi haszn\u00e1lata az adatv\u00e9delemmel \u00e9s a szem\u00e9lyes adatokkal kapcsolatos gyakorlatunk elfogad\u00e1s\u00e1nak min\u0151s\u00fcl. Ha b\u00e1rmilyen k\u00e9rd\u00e9se van a felhaszn\u00e1l\u00f3i adatok \u00e9s szem\u00e9lyes adatok kezel\u00e9s\u00e9vel kapcsolatban, k\u00e9rj\u00fck, l\u00e9pjen kapcsolatba vel\u00fcnk.<\/p>\n\n\n\n<p><strong>MobilesLook Cookie-szab\u00e1lyzat<\/strong><\/p>\n\n\n\n<p><strong>Mik azok a s\u00fctik?<\/strong> Szinte minden professzion\u00e1lis webhelyen bevett gyakorlatnak megfelel\u0151en ez az oldal cookie-kat haszn\u00e1l, amelyek kism\u00e9ret\u0171 f\u00e1jlok, amelyek let\u00f6lt\u0151dnek az \u00d6n sz\u00e1m\u00edt\u00f3g\u00e9p\u00e9re, hogy jav\u00edtsa a felhaszn\u00e1l\u00f3i \u00e9lm\u00e9nyt. Ez az oldal le\u00edrja, hogy milyen inform\u00e1ci\u00f3kat gy\u0171jtenek, hogyan haszn\u00e1ljuk azokat, \u00e9s mi\u00e9rt kell n\u00e9ha t\u00e1rolnunk ezeket a s\u00fctiket. Azt is megosztjuk, hogyan akad\u00e1lyozhatja meg ezeknek a s\u00fctiknek a t\u00e1rol\u00e1s\u00e1t, azonban ez lemin\u0151s\u00edtheti vagy \u201emegszak\u00edthatja\u201d a webhely funkci\u00f3inak egyes elemeit.<\/p>\n\n\n\n<p><strong>Hogyan haszn\u00e1ljuk a s\u00fctiket?<\/strong> Sz\u00e1mos okb\u00f3l haszn\u00e1lunk s\u00fctiket, amelyeket al\u00e1bb r\u00e9szletez\u00fcnk. Sajnos a legt\u00f6bb esetben nincsenek ipari szabv\u00e1nyok a cookie-k letilt\u00e1s\u00e1ra an\u00e9lk\u00fcl, hogy teljesen letiltan\u00e1k a webhelyhez hozz\u00e1adott funkci\u00f3kat \u00e9s funkci\u00f3kat. Javasoljuk, hogy hagyjon el minden cookie-t, ha nem biztos abban, hogy sz\u00fcks\u00e9ge van-e r\u00e1juk, ha az \u00d6n \u00e1ltal haszn\u00e1lt szolg\u00e1ltat\u00e1s ny\u00fajt\u00e1s\u00e1ra haszn\u00e1lj\u00e1k \u0151ket.<\/p>\n\n\n\n<p><strong>A cookie-k letilt\u00e1sa<\/strong> A cookie-k be\u00e1ll\u00edt\u00e1s\u00e1t a b\u00f6ng\u00e9sz\u0151 be\u00e1ll\u00edt\u00e1sainak m\u00f3dos\u00edt\u00e1s\u00e1val akad\u00e1lyozhatja meg (err\u0151l a b\u00f6ng\u00e9sz\u0151 s\u00fag\u00f3j\u00e1ban olvashat). K\u00e9rj\u00fck, vegye figyelembe, hogy a cookie-k letilt\u00e1sa hat\u00e1ssal lesz ennek \u00e9s sok m\u00e1s megl\u00e1togatott webhelynek a m\u0171k\u00f6d\u00e9s\u00e9re. A cookie-k letilt\u00e1sa \u00e1ltal\u00e1ban a webhely bizonyos funkci\u00f3inak \u00e9s funkci\u00f3inak letilt\u00e1s\u00e1t eredm\u00e9nyezi. Ez\u00e9rt azt javasoljuk, hogy ne tiltsa le a cookie-kat.<\/p>\n\n\n\n<p><strong>Az \u00e1ltalunk be\u00e1ll\u00edtott s\u00fctik<\/strong><\/p>\n\n\n\n<ul class=\"wp-block-list\">\n<li><strong>Fi\u00f3khoz kapcsol\u00f3d\u00f3 cookie-k<\/strong>: Ha fi\u00f3kot hoz l\u00e9tre n\u00e1lunk, cookie-kat haszn\u00e1lunk a regisztr\u00e1ci\u00f3s folyamat \u00e9s az \u00e1ltal\u00e1nos adminisztr\u00e1ci\u00f3 kezel\u00e9s\u00e9re. Ezek a cookie-k \u00e1ltal\u00e1ban t\u00f6rl\u0151dnek, amikor kijelentkezik, de bizonyos esetekben k\u00e9s\u0151bb is megmaradhatnak, hogy kijelentkez\u00e9skor eml\u00e9kezzenek a webhely be\u00e1ll\u00edt\u00e1saira.<\/li>\n\n\n\n<li><strong>Bejelentkez\u00e9shez kapcsol\u00f3d\u00f3 cookie-k<\/strong>: Amikor bejelentkezik, cookie-kat haszn\u00e1lunk, hogy megjegyezz\u00fck ezt a m\u0171veletet. Ezzel meg\u00f3vja att\u00f3l, hogy minden alkalommal be kelljen jelentkeznie, amikor \u00faj oldalt l\u00e1togat meg. Ezeket a s\u00fctiket rendszerint elt\u00e1vol\u00edtjuk vagy t\u00f6rlj\u00fck, amikor kijelentkezik, \u00edgy biztos\u00edtva, hogy bejelentkez\u00e9skor csak korl\u00e1tozott funkci\u00f3khoz \u00e9s ter\u00fcletekhez f\u00e9rhessen hozz\u00e1.<\/li>\n\n\n\n<li><strong>Az e-mailes h\u00edrlevelekhez kapcsol\u00f3d\u00f3 s\u00fctik<\/strong>: Ez az oldal h\u00edrlev\u00e9l- vagy e-mail feliratkoz\u00e1si szolg\u00e1ltat\u00e1sokat k\u00edn\u00e1l, \u00e9s cookie-kat haszn\u00e1lhatunk annak eml\u00e9kez\u00e9s\u00e9re, hogy \u00d6n m\u00e1r regisztr\u00e1lt-e, \u00e9s hogy bizonyos \u00e9rtes\u00edt\u00e9sek csak a feliratkozott\/leiratkozott felhaszn\u00e1l\u00f3k sz\u00e1m\u00e1ra jelenjenek-e meg.<\/li>\n<\/ul>","protected":false},"excerpt":{"rendered":"<p>Az \u00d6n adatainak v\u00e9delme fontos sz\u00e1munkra. A MobilesLook szab\u00e1lyzata szerint tiszteletben tartjuk az \u00d6n adatainak v\u00e9delm\u00e9t minden olyan inform\u00e1ci\u00f3 tekintet\u00e9ben, amelyet a MobilesLook weboldal\u00e1n \u00e9s m\u00e1s, \u00e1ltalunk birtokolt \u00e9s \u00fczemeltetett oldalakon gy\u0171jt\u00fcnk \u00d6nr\u0151l. Csak akkor k\u00e9r\u00fcnk szem\u00e9lyes adatokat, ha val\u00f3ban sz\u00fcks\u00e9g\u00fcnk van r\u00e1juk egy szolg\u00e1ltat\u00e1s ny\u00fajt\u00e1s\u00e1hoz. Az adatokat tisztess\u00e9ges \u00e9s t\u00f6rv\u00e9nyes eszk\u00f6z\u00f6kkel gy\u0171jtj\u00fck, a\u2026 <a title=\"Adatv\u00e9delmi ir\u00e1nyelvek\" class=\"read-more\" href=\"https:\/\/mobileslook.com\/hu\/politica-de-privacidade\/\" aria-label=\"Tov\u00e1bbi inform\u00e1ci\u00f3 az Adatv\u00e9delmi ir\u00e1nyelvekr\u0151l\">Olvass tov\u00e1bb<\/a><\/p>","protected":false},"author":1,"featured_media":0,"parent":0,"menu_order":0,"comment_status":"closed","ping_status":"closed","template":"","meta":{"footnotes":""},"class_list":["post-170","page","type-page","status-publish"],"_links":{"self":[{"href":"https:\/\/mobileslook.com\/hu\/wp-json\/wp\/v2\/pages\/170","targetHints":{"allow":["GET"]}}],"collection":[{"href":"https:\/\/mobileslook.com\/hu\/wp-json\/wp\/v2\/pages"}],"about":[{"href":"https:\/\/mobileslook.com\/hu\/wp-json\/wp\/v2\/types\/page"}],"author":[{"embeddable":true,"href":"https:\/\/mobileslook.com\/hu\/wp-json\/wp\/v2\/users\/1"}],"replies":[{"embeddable":true,"href":"https:\/\/mobileslook.com\/hu\/wp-json\/wp\/v2\/comments?post=170"}],"version-history":[{"count":1,"href":"https:\/\/mobileslook.com\/hu\/wp-json\/wp\/v2\/pages\/170\/revisions"}],"predecessor-version":[{"id":173,"href":"https:\/\/mobileslook.com\/hu\/wp-json\/wp\/v2\/pages\/170\/revisions\/173"}],"wp:attachment":[{"href":"https:\/\/mobileslook.com\/hu\/wp-json\/wp\/v2\/media?parent=170"}],"curies":[{"name":"munkaf\u00fczet","href":"https:\/\/api.w.org\/{rel}","templated":true}]}}