{"id":170,"date":"2024-04-30T06:02:53","date_gmt":"2024-04-30T06:02:53","guid":{"rendered":"https:\/\/mobileslook.com\/?page_id=170"},"modified":"2024-11-12T00:34:10","modified_gmt":"2024-11-12T00:34:10","slug":"politica-sulla-riservatezza","status":"publish","type":"page","link":"https:\/\/mobileslook.com\/it\/politica-de-privacidade\/","title":{"rendered":"politica sulla riservatezza"},"content":{"rendered":"<p>La tua privacy \u00e8 importante per noi. \u00c8 politica di MobilesLook rispettare la tua privacy in merito a qualsiasi informazione che potremmo raccogliere da te sul sito Web MobilesLook e su altri siti Web che possediamo e gestiamo. Richiediamo informazioni personali solo quando ne abbiamo veramente bisogno per fornirti un servizio. Lo facciamo con mezzi equi e legali, con la tua conoscenza e il tuo consenso. Ti diciamo anche perch\u00e9 lo stiamo raccogliendo e come verr\u00e0 utilizzato. Conserviamo le informazioni raccolte solo per il tempo necessario a fornire il servizio richiesto. Quando archiviamo i dati, li proteggiamo con mezzi commercialmente accettabili per prevenire perdite e furti, nonch\u00e9 accesso, divulgazione, copia, utilizzo o modifica non autorizzati. Non condividiamo informazioni di identificazione personale pubblicamente o con terze parti tranne quando richiesto dalla legge. Il nostro sito Web potrebbe contenere collegamenti a siti Web esterni che non sono gestiti da noi. Tieni presente che non abbiamo alcun controllo sul contenuto e sulle pratiche di questi siti e non possiamo accettare la responsabilit\u00e0 per le rispettive politiche sulla privacy. Sei libero di rifiutare la nostra richiesta di informazioni personali, con la consapevolezza che potremmo non essere in grado di fornirti alcuni dei servizi desiderati. L&#039;uso continuato del nostro sito Web sar\u00e0 considerato accettazione delle nostre pratiche in materia di privacy e informazioni personali. Se hai domande su come gestiamo i dati degli utenti e le informazioni personali, ti preghiamo di contattarci.<\/p>\n\n\n\n<p><strong>Politica sui cookie di MobilesLook<\/strong><\/p>\n\n\n\n<p><strong>Cosa sono i cookie?<\/strong> Come \u00e8 prassi comune con quasi tutti i siti Web professionali, questo sito utilizza i cookie, ovvero piccoli file che vengono scaricati sul tuo computer per migliorare la tua esperienza. Questa pagina descrive quali informazioni raccolgono, come le utilizziamo e perch\u00e9 a volte abbiamo bisogno di memorizzare questi cookie. Condivideremo anche come impedire la memorizzazione di questi cookie, tuttavia ci\u00f2 potrebbe ridurre o &quot;interrompere&quot; alcuni elementi della funzionalit\u00e0 del sito.<\/p>\n\n\n\n<p><strong>Come utilizziamo i cookie?<\/strong> Utilizziamo i cookie per una serie di motivi, descritti di seguito. Sfortunatamente, nella maggior parte dei casi non esistono opzioni standard del settore per disabilitare i cookie senza disabilitare completamente le funzionalit\u00e0 e le caratteristiche che aggiungono a questo sito. Ti consigliamo di lasciare tutti i cookie se non sei sicuro se ne hai bisogno o meno nel caso in cui vengano utilizzati per fornire un servizio che utilizzi.<\/p>\n\n\n\n<p><strong>Disabilita i cookie<\/strong> Puoi impedire l&#039;impostazione dei cookie modificando le impostazioni del tuo browser (consulta la Guida del tuo browser per sapere come farlo). Tieni presente che la disattivazione dei cookie influir\u00e0 sulla funzionalit\u00e0 di questo e di molti altri siti Web visitati. La disabilitazione dei cookie generalmente comporter\u00e0 la disabilitazione di alcune funzionalit\u00e0 e caratteristiche di questo sito web. Pertanto si consiglia di non disabilitare i cookie.<\/p>\n\n\n\n<p><strong>Cookie che impostiamo<\/strong><\/p>\n\n\n\n<ul class=\"wp-block-list\">\n<li><strong>Cookie relativi all&#039;account<\/strong>: Se crei un account con noi, utilizzeremo i cookie per gestire il processo di registrazione e l&#039;amministrazione generale. Questi cookie verranno solitamente eliminati quando ti disconnetti, tuttavia in alcuni casi potrebbero rimanere successivamente per ricordare le tue preferenze del sito quando ti disconnetti.<\/li>\n\n\n\n<li><strong>Cookie relativi all&#039;accesso<\/strong>: Utilizziamo i cookie quando hai effettuato l&#039;accesso, in modo da poter ricordare questa azione. Ci\u00f2 ti evita di dover effettuare il login ogni volta che visiti una nuova pagina. Questi cookie vengono normalmente rimossi o cancellati quando ti disconnetti per garantire che tu possa accedere a funzionalit\u00e0 e aree riservate solo dopo aver effettuato l&#039;accesso.<\/li>\n\n\n\n<li><strong>Cookie relativi alle newsletter via email<\/strong>: Questo sito offre servizi di newsletter o iscrizione via email e i cookie potrebbero essere utilizzati per ricordare se sei gi\u00e0 registrato e se mostrare determinate notifiche valide solo per gli utenti iscritti\/non iscritti.<\/li>\n<\/ul>","protected":false},"excerpt":{"rendered":"<p>La tua privacy \u00e8 importante per noi. La politica di MobilesLook \u00e8 quella di rispettare la tua privacy in relazione a qualsiasi informazione che potremmo raccogliere da te sul sito web di MobilesLook e su altri siti di nostra propriet\u00e0 e gestione. Richiediamo informazioni personali solo quando ne abbiamo realmente bisogno per fornire un servizio. Le raccogliamo con mezzi equi e legali, con... <a title=\"politica sulla riservatezza\" class=\"read-more\" href=\"https:\/\/mobileslook.com\/it\/politica-de-privacidade\/\" aria-label=\"Si prega di consultare di seguito la nostra Informativa sulla privacy\">Per saperne di pi\u00f9<\/a><\/p>","protected":false},"author":1,"featured_media":0,"parent":0,"menu_order":0,"comment_status":"closed","ping_status":"closed","template":"","meta":{"footnotes":""},"class_list":["post-170","page","type-page","status-publish"],"_links":{"self":[{"href":"https:\/\/mobileslook.com\/it\/wp-json\/wp\/v2\/pages\/170","targetHints":{"allow":["GET"]}}],"collection":[{"href":"https:\/\/mobileslook.com\/it\/wp-json\/wp\/v2\/pages"}],"about":[{"href":"https:\/\/mobileslook.com\/it\/wp-json\/wp\/v2\/types\/page"}],"author":[{"embeddable":true,"href":"https:\/\/mobileslook.com\/it\/wp-json\/wp\/v2\/users\/1"}],"replies":[{"embeddable":true,"href":"https:\/\/mobileslook.com\/it\/wp-json\/wp\/v2\/comments?post=170"}],"version-history":[{"count":1,"href":"https:\/\/mobileslook.com\/it\/wp-json\/wp\/v2\/pages\/170\/revisions"}],"predecessor-version":[{"id":173,"href":"https:\/\/mobileslook.com\/it\/wp-json\/wp\/v2\/pages\/170\/revisions\/173"}],"wp:attachment":[{"href":"https:\/\/mobileslook.com\/it\/wp-json\/wp\/v2\/media?parent=170"}],"curies":[{"name":"parola chiave","href":"https:\/\/api.w.org\/{rel}","templated":true}]}}