{"id":170,"date":"2024-04-30T06:02:53","date_gmt":"2024-04-30T06:02:53","guid":{"rendered":"https:\/\/mobileslook.com\/?page_id=170"},"modified":"2024-11-12T00:34:10","modified_gmt":"2024-11-12T00:34:10","slug":"privatumo-politika","status":"publish","type":"page","link":"https:\/\/mobileslook.com\/lt\/politica-de-privacidade\/","title":{"rendered":"Privatumo politika"},"content":{"rendered":"<p>J\u016bs\u0173 privatumas mums svarbus. MobilesLook politika yra gerbti j\u016bs\u0173 privatum\u0105 d\u0117l bet kokios informacijos, kuri\u0105 galime rinkti i\u0161 j\u016bs\u0173 MobilesLook svetain\u0117je ir kitose mums priklausan\u010diose ir eksploatuojamose svetain\u0117se. Mes pra\u0161ome asmenin\u0117s informacijos tik tada, kai mums jos tikrai reikia norint suteikti jums paslaug\u0105. Tai darome s\u0105\u017einingomis ir teis\u0117tomis priemon\u0117mis, jums \u017einant ir sutikus. Taip pat pasakojame, kod\u0117l j\u012f renkame ir kaip jis bus naudojamas. Surinkt\u0105 informacij\u0105 saugome tik tiek, kiek reikia norint suteikti pra\u0161om\u0105 paslaug\u0105. Kai saugome duomenis, saugome juos komerci\u0161kai priimtinomis priemon\u0117mis, kad i\u0161vengtume praradimo ir vagyst\u0117s, taip pat neteis\u0117tos prieigos, atskleidimo, kopijavimo, naudojimo ar modifikavimo. Mes nesidaliname asmen\u012f identifikuojan\u010dia informacija vie\u0161ai ar su tre\u010diosiomis \u0161alimis, i\u0161skyrus atvejus, kai to reikalauja \u012fstatymas. M\u016bs\u0173 svetain\u0117je gali b\u016bti nuorod\u0173 \u012f i\u0161orines svetaines, kuri\u0173 nevaldome mes. Atminkite, kad mes nekontroliuojame \u0161i\u0173 svetaini\u0173 turinio ir praktikos ir negalime prisiimti atsakomyb\u0117s u\u017e atitinkam\u0105 privatumo politik\u0105. J\u016bs galite laisvai atmesti m\u016bs\u0173 pra\u0161ym\u0105 d\u0117l j\u016bs\u0173 asmenin\u0117s informacijos, suprasdami, kad galime nesuteikti jums kai kuri\u0173 pageidaujam\u0173 paslaug\u0173. J\u016bs\u0173 tolesnis naudojimasis m\u016bs\u0173 svetaine bus laikomas sutinkantis su m\u016bs\u0173 praktika, susijusia su privatumu ir asmenine informacija. Jei turite klausim\u0173, kaip tvarkome vartotojo duomenis ir asmenin\u0119 informacij\u0105, susisiekite su mumis.<\/p>\n\n\n\n<p><strong>MobilesLook slapuk\u0173 politika<\/strong><\/p>\n\n\n\n<p><strong>Kas yra slapukai?<\/strong> Kaip \u012fprasta beveik visose profesionaliose svetain\u0117se, \u0161i svetain\u0117 naudoja slapukus, kurie yra ma\u017ei failai, atsisiun\u010diami \u012f j\u016bs\u0173 kompiuter\u012f, kad pagerint\u0173 j\u016bs\u0173 patirt\u012f. \u0160iame puslapyje apra\u0161oma, koki\u0105 informacij\u0105 jie renka, kaip j\u0105 naudojame ir kod\u0117l kartais reikia saugoti \u0161iuos slapukus. Taip pat pasidalinsime, kaip galite u\u017ekirsti keli\u0105 \u0161i\u0173 slapuk\u0173 saugojimui, ta\u010diau tai gali suma\u017einti arba \u201esugadinti\u201c tam tikrus svetain\u0117s funkcionalumo elementus.<\/p>\n\n\n\n<p><strong>Kaip naudojame slapukus?<\/strong> Slapukus naudojame d\u0117l keli\u0173 prie\u017eas\u010di\u0173, kurios i\u0161samiai apra\u0161ytos toliau. Deja, daugeliu atvej\u0173 n\u0117ra standartini\u0173 parink\u010di\u0173, leid\u017eian\u010di\u0173 i\u0161jungti slapukus, visi\u0161kai nei\u0161jungus funkcij\u0173 ir funkcij\u0173, kurias jie prideda prie \u0161ios svetain\u0117s. Rekomenduojama palikti visus slapukus, jei nesate tikri, ar jie jums reikalingi, jei jie naudojami teikiant j\u016bs\u0173 naudojam\u0105 paslaug\u0105.<\/p>\n\n\n\n<p><strong>I\u0161jungti slapukus<\/strong> Galite u\u017ekirsti keli\u0105 slapuk\u0173 nustatymui koreguodami savo nar\u0161ykl\u0117s nustatymus (kaip tai padaryti, \u017er. nar\u0161ykl\u0117s \u017einyne). Atminkite, kad slapuk\u0173 i\u0161jungimas tur\u0117s \u012ftakos \u0161ios ir daugelio kit\u0173 lankom\u0173 svetaini\u0173 funkcionalumui. I\u0161jungus slapukus paprastai bus i\u0161jungtos tam tikros \u0161ios svetain\u0117s funkcijos ir funkcijos. Tod\u0117l slapuk\u0173 nerekomenduojama i\u0161jungti.<\/p>\n\n\n\n<p><strong>Mes nustatome slapukus<\/strong><\/p>\n\n\n\n<ul class=\"wp-block-list\">\n<li><strong>Su paskyra susij\u0119 slapukai<\/strong>: Jei sukursite paskyr\u0105 pas mus, mes naudosime slapukus registracijos procesui ir bendram administravimui valdyti. \u0160ie slapukai paprastai i\u0161trinami, kai atsijungiate, ta\u010diau kai kuriais atvejais jie gali likti ir po to, kad atsimint\u0173 j\u016bs\u0173 svetain\u0117s nuostatas, kai atsijungiate.<\/li>\n\n\n\n<li><strong>Su prisijungimu susij\u0119 slapukai<\/strong>: Kai esate prisijung\u0119, naudojame slapukus, kad gal\u0117tume prisiminti \u0161\u012f veiksm\u0105. Taip jums nereik\u0117s prisijungti kiekvien\u0105 kart\u0105, kai lankot\u0117s naujame puslapyje. \u0160ie slapukai paprastai pa\u0161alinami arba i\u0161valomi, kai atsijungiate, siekiant u\u017etikrinti, kad prisijung\u0119 gal\u0117tum\u0117te pasiekti tik apribotas funkcijas ir sritis.<\/li>\n\n\n\n<li><strong>Slapukai, susij\u0119 su naujienlai\u0161kiais el. pa\u0161tu<\/strong>: \u0160ioje svetain\u0117je si\u016blomos naujienlai\u0161ki\u0173 arba el. pa\u0161to prenumeratos paslaugos, o slapukai gali b\u016bti naudojami siekiant prisiminti, ar jau esate u\u017esiregistrav\u0119 ir ar rodyti tam tikrus prane\u0161imus, galiojan\u010dius tik u\u017esiprenumeravusiems \/ neprenumeruojantiems vartotojams.<\/li>\n<\/ul>","protected":false},"excerpt":{"rendered":"<p>J\u016bs\u0173 privatumas mums yra svarbus. \u201eMobilesLook\u201c politika yra gerbti j\u016bs\u0173 privatum\u0105, susijus\u012f su bet kokia informacija, kuri\u0105 galime rinkti i\u0161 j\u016bs\u0173 \u201eMobilesLook\u201c svetain\u0117je ir kitose m\u016bs\u0173 valdomose ir eksploatuojamose svetain\u0117se. Mes pra\u0161ome asmenin\u0117s informacijos tik tada, kai mums jos tikrai reikia paslaugai teikti. Mes j\u0105 renkame s\u0105\u017einingomis ir teis\u0117tomis priemon\u0117mis,\u2026 <a title=\"Privatumo politika\" class=\"read-more\" href=\"https:\/\/mobileslook.com\/lt\/politica-de-privacidade\/\" aria-label=\"Skaitykite daugiau apie privatumo politik\u0105\">Skaityti daugiau<\/a><\/p>","protected":false},"author":1,"featured_media":0,"parent":0,"menu_order":0,"comment_status":"closed","ping_status":"closed","template":"","meta":{"footnotes":""},"class_list":["post-170","page","type-page","status-publish"],"_links":{"self":[{"href":"https:\/\/mobileslook.com\/lt\/wp-json\/wp\/v2\/pages\/170","targetHints":{"allow":["GET"]}}],"collection":[{"href":"https:\/\/mobileslook.com\/lt\/wp-json\/wp\/v2\/pages"}],"about":[{"href":"https:\/\/mobileslook.com\/lt\/wp-json\/wp\/v2\/types\/page"}],"author":[{"embeddable":true,"href":"https:\/\/mobileslook.com\/lt\/wp-json\/wp\/v2\/users\/1"}],"replies":[{"embeddable":true,"href":"https:\/\/mobileslook.com\/lt\/wp-json\/wp\/v2\/comments?post=170"}],"version-history":[{"count":1,"href":"https:\/\/mobileslook.com\/lt\/wp-json\/wp\/v2\/pages\/170\/revisions"}],"predecessor-version":[{"id":173,"href":"https:\/\/mobileslook.com\/lt\/wp-json\/wp\/v2\/pages\/170\/revisions\/173"}],"wp:attachment":[{"href":"https:\/\/mobileslook.com\/lt\/wp-json\/wp\/v2\/media?parent=170"}],"curies":[{"name":"wp","href":"https:\/\/api.w.org\/{rel}","templated":true}]}}