{"id":174,"date":"2024-04-30T06:04:28","date_gmt":"2024-04-30T06:04:28","guid":{"rendered":"https:\/\/mobileslook.com\/?page_id=174"},"modified":"2024-11-12T00:34:12","modified_gmt":"2024-11-12T00:34:12","slug":"naudojimo-salygos","status":"publish","type":"page","link":"https:\/\/mobileslook.com\/lt\/termos-de-uso\/","title":{"rendered":"Naudojimo s\u0105lygos"},"content":{"rendered":"<p>Prisijungdami prie \u201eMobilesLook\u201c svetain\u0117s sutinkate laikytis \u0161i\u0173 paslaug\u0173 teikimo s\u0105lyg\u0173, vis\u0173 taikom\u0173 \u012fstatym\u0173 ir taisykli\u0173 bei pripa\u017e\u012fstate, kad esate atsakingi u\u017e vis\u0173 taikom\u0173 vietini\u0173 \u012fstatym\u0173 laikym\u0105si. Jei nesutinkate su bet kuria i\u0161 \u0161i\u0173 s\u0105lyg\u0173, jums draud\u017eiama naudotis \u0161ia svetaine ar prie jos prieiti. \u0160ioje svetain\u0117je esanti med\u017eiaga yra saugoma galiojan\u010di\u0173 autori\u0173 teisi\u0173 ir preki\u0173 \u017eenkl\u0173 \u012fstatym\u0173.<\/p>\n\n\n\n<ol class=\"wp-block-list\" start=\"2\">\n<li><strong>Licencijos naudojimas<\/strong><\/li>\n<\/ol>\n\n\n\n<p>Suteikiamas leidimas laikinai atsisi\u0173sti vien\u0105 med\u017eiagos (informacijos ar programin\u0117s \u012frangos) kopij\u0105 i\u0161 MobilesLook svetain\u0117s tik asmeniniam, nekomerciniam laikinai per\u017ei\u016brai. Tai yra naudojimo licencija, o ne nuosavyb\u0117s teis\u0117s perdavimas ir pagal \u0161i\u0105 licencij\u0105 sutinkate ne:<\/p>\n\n\n\n<ul class=\"wp-block-list\">\n<li>keisti arba kopijuoti med\u017eiag\u0105;<\/li>\n\n\n\n<li>naudoti med\u017eiag\u0105 bet kokiais komerciniais tikslais arba vie\u0161ai rodyti (komerciniais ar nekomerciniais tikslais);<\/li>\n\n\n\n<li>bandyti dekompiliuoti arba pakeisti bet koki\u0105 programin\u0119 \u012frang\u0105, esan\u010di\u0105 MobilesLook svetain\u0117je;<\/li>\n\n\n\n<li>pa\u0161alinti i\u0161 med\u017eiagos bet kokias autori\u0173 teises ar kitus nuosavyb\u0117s \u017eenklus; arba<\/li>\n\n\n\n<li>perduoti med\u017eiag\u0105 kitam asmeniui arba \u201eatvaizduoti\u201c med\u017eiag\u0105 bet kuriame kitame serveryje. \u0160i licencija automati\u0161kai nustoja galioti, jei pa\u017eeid\u017eiate kur\u012f nors i\u0161 \u0161i\u0173 apribojim\u0173, ir MobilesLook gali j\u0105 bet kada nutraukti. Nutrauk\u0119 \u0161ios med\u017eiagos per\u017ei\u016br\u0105 arba nutrauk\u0119 \u0161ios licencijos galiojim\u0105, turite i\u0161trinti vis\u0105 turim\u0105 atsisi\u0173st\u0105 med\u017eiag\u0105 elektroniniu ar spausdintu formatu.<\/li>\n<\/ul>\n\n\n\n<ol class=\"wp-block-list\" start=\"3\">\n<li><strong>Atsisakymas<\/strong><\/li>\n<\/ol>\n\n\n\n<p>Med\u017eiaga MobilesLook svetain\u0117je pateikiama tokia, kokia yra. MobilesLook nesuteikia joki\u0173 i\u0161reik\u0161t\u0173 ar numanom\u0173 garantij\u0173, taip pat atsisako ir paneigia visas kitas garantijas, \u012fskaitant, bet neapsiribojant, numanomas garantijas ar tinkamumo parduoti, tinkamumo konkre\u010diam tikslui arba intelektin\u0117s nuosavyb\u0117s nepa\u017eeidimo ar kitokio teisi\u0173 pa\u017eeidimo s\u0105lygas. Be to, \u201eMobilesLook\u201c negarantuoja ir neteikia joki\u0173 parei\u0161kim\u0173 d\u0117l med\u017eiagos naudojimo tikslumo, tik\u0117tin\u0173 rezultat\u0173 ar patikimumo savo svetain\u0117je ar kitaip susijusio su tokia med\u017eiaga ar bet kokiomis su \u0161ia svetaine susietose svetain\u0117se.<\/p>\n\n\n\n<ol class=\"wp-block-list\" start=\"4\">\n<li><strong>Apribojimai<\/strong><\/li>\n<\/ol>\n\n\n\n<p>Jokiu b\u016bdu MobilesLook ar jos tiek\u0117jai n\u0117ra atsakingi u\u017e jokius nuostolius (\u012fskaitant, bet neapsiribojant, \u017eal\u0105 d\u0117l duomen\u0173 praradimo ar pelno arba d\u0117l verslo nutraukimo), atsiradusi\u0105 d\u0117l MobilesLook svetain\u0117je esan\u010dios med\u017eiagos naudojimo ar negal\u0117jimo ja naudotis, net jei MobilesLook arba MobilesLook \u012fgaliotasis atstovas buvo \u012fsp\u0117tas \u017eod\u017eiu arba ra\u0161tu apie toki\u0173 nuostoli\u0173 galimyb\u0119. Kadangi kai kurios jurisdikcijos neleid\u017eia apriboti numanom\u0173 garantij\u0173 arba atsakomyb\u0117s u\u017e pasekminius ar atsitiktinius nuostolius, \u0161ie apribojimai jums gali b\u016bti netaikomi.<\/p>\n\n\n\n<ol class=\"wp-block-list\" start=\"5\">\n<li><strong>Med\u017eiag\u0173 tikslumas<\/strong><\/li>\n<\/ol>\n\n\n\n<p>MobilesLook svetain\u0117je rodomoje med\u017eiagoje gali b\u016bti technini\u0173, spausdinimo ar fotografijos klaid\u0173. MobilesLook negarantuoja, kad jo svetain\u0117je esanti med\u017eiaga yra tiksli, i\u0161sami ar naujausia. MobilesLook gali bet kuriuo metu be \u012fsp\u0117jimo keisti savo svetain\u0117je esan\u010di\u0105 med\u017eiag\u0105. Ta\u010diau \u201eMobilesLook\u201c ne\u012fsipareigoja atnaujinti med\u017eiagos.<\/p>\n\n\n\n<ol class=\"wp-block-list\" start=\"6\">\n<li><strong>Nuorodos<\/strong><\/li>\n<\/ol>\n\n\n\n<p>MobilesLook neper\u017ei\u016br\u0117jo vis\u0173 svetaini\u0173, susiet\u0173 su jos svetaine, ir n\u0117ra atsakinga u\u017e jokios nuorodos svetain\u0117s turin\u012f. Bet kokios nuorodos \u012ftraukimas nerei\u0161kia, kad MobilesLook patvirtina svetain\u0119. Bet kurios nuorodos svetain\u0117s naudojimas prisiima vartotojo rizik\u0105.<\/p>\n\n\n\n<p><strong>Modifikacijos<\/strong><\/p>\n\n\n\n<p>MobilesLook gali bet kuriuo metu be \u012fsp\u0117jimo per\u017ei\u016br\u0117ti \u0161ias paslaug\u0173 teikimo s\u0105lygas savo svetainei. Naudodamiesi \u0161ia svetaine, j\u016bs sutinkate laikytis dabartin\u0117s \u0161i\u0173 paslaug\u0173 teikimo s\u0105lyg\u0173 versijos.<\/p>\n\n\n\n<p><strong>Taikytina teis\u0117<\/strong><\/p>\n\n\n\n<p>\u0160ios s\u0105lygos yra reglamentuojamos ir ai\u0161kinamos pagal MobilesLook \u012fstatymus, tod\u0117l j\u016bs neat\u0161aukiamai pakl\u016bstate i\u0161skirtinei tos valstyb\u0117s ar vietos teism\u0173 jurisdikcijai.<\/p>","protected":false},"excerpt":{"rendered":"<p>Naudodamiesi \u201eMobilesLook\u201c svetaine, j\u016bs sutinkate laikytis \u0161i\u0173 paslaug\u0173 teikimo s\u0105lyg\u0173, vis\u0173 taikom\u0173 \u012fstatym\u0173 ir kit\u0173 teis\u0117s akt\u0173 ir patvirtinate, kad esate atsakingi u\u017e vis\u0173 taikom\u0173 vietos \u012fstatym\u0173 laikym\u0105si. Jei nesutinkate su kuriomis nors i\u0161 \u0161i\u0173 s\u0105lyg\u0173, jums draud\u017eiama naudotis \u0161ia svetaine ar prie jos prisijungti. \u0160ioje svetain\u0117je esanti med\u017eiaga yra saugoma... <a title=\"Naudojimo s\u0105lygos\" class=\"read-more\" href=\"https:\/\/mobileslook.com\/lt\/termos-de-uso\/\" aria-label=\"Skaitykite daugiau apie Naudojimo s\u0105lygas\">Skaityti daugiau<\/a><\/p>","protected":false},"author":1,"featured_media":0,"parent":0,"menu_order":0,"comment_status":"closed","ping_status":"closed","template":"","meta":{"footnotes":""},"class_list":["post-174","page","type-page","status-publish"],"_links":{"self":[{"href":"https:\/\/mobileslook.com\/lt\/wp-json\/wp\/v2\/pages\/174","targetHints":{"allow":["GET"]}}],"collection":[{"href":"https:\/\/mobileslook.com\/lt\/wp-json\/wp\/v2\/pages"}],"about":[{"href":"https:\/\/mobileslook.com\/lt\/wp-json\/wp\/v2\/types\/page"}],"author":[{"embeddable":true,"href":"https:\/\/mobileslook.com\/lt\/wp-json\/wp\/v2\/users\/1"}],"replies":[{"embeddable":true,"href":"https:\/\/mobileslook.com\/lt\/wp-json\/wp\/v2\/comments?post=174"}],"version-history":[{"count":1,"href":"https:\/\/mobileslook.com\/lt\/wp-json\/wp\/v2\/pages\/174\/revisions"}],"predecessor-version":[{"id":179,"href":"https:\/\/mobileslook.com\/lt\/wp-json\/wp\/v2\/pages\/174\/revisions\/179"}],"wp:attachment":[{"href":"https:\/\/mobileslook.com\/lt\/wp-json\/wp\/v2\/media?parent=174"}],"curies":[{"name":"wp","href":"https:\/\/api.w.org\/{rel}","templated":true}]}}