{"id":170,"date":"2024-04-30T06:02:53","date_gmt":"2024-04-30T06:02:53","guid":{"rendered":"https:\/\/mobileslook.com\/?page_id=170"},"modified":"2024-11-12T00:34:10","modified_gmt":"2024-11-12T00:34:10","slug":"polityka-prywatnosci","status":"publish","type":"page","link":"https:\/\/mobileslook.com\/pl\/politica-de-privacidade\/","title":{"rendered":"Polityka prywatno\u015bci"},"content":{"rendered":"<p>Twoja prywatno\u015b\u0107 jest dla nas wa\u017cna. Zasad\u0105 MobilesLook jest poszanowanie Twojej prywatno\u015bci w odniesieniu do wszelkich informacji, kt\u00f3re mo\u017cemy od Ciebie zebra\u0107 w witrynie MobilesLook oraz innych witrynach internetowych, kt\u00f3rych jeste\u015bmy w\u0142a\u015bcicielami i kt\u00f3rymi zarz\u0105dzamy. Prosimy o podanie danych osobowych tylko wtedy, gdy naprawd\u0119 ich potrzebujemy, aby \u015bwiadczy\u0107 Pa\u0144stwu us\u0142ug\u0119. Robimy to w spos\u00f3b uczciwy i zgodny z prawem, za Twoj\u0105 wiedz\u0105 i zgod\u0105. M\u00f3wimy r\u00f3wnie\u017c, dlaczego je zbieramy i w jaki spos\u00f3b b\u0119d\u0105 wykorzystywane. Przechowujemy zebrane informacje tylko tak d\u0142ugo, jak jest to konieczne do \u015bwiadczenia \u017c\u0105danej us\u0142ugi. Kiedy przechowujemy dane, chronimy je w komercyjnie akceptowalnych \u015brodkach, aby zapobiec utracie i kradzie\u017cy, a tak\u017ce nieuprawnionemu dost\u0119powi, ujawnieniu, kopiowaniu, wykorzystaniu lub modyfikacji. Nie udost\u0119pniamy danych osobowych publicznie ani stronom trzecim, chyba \u017ce jest to wymagane przez prawo. Na naszej stronie internetowej mog\u0105 znajdowa\u0107 si\u0119 linki do zewn\u0119trznych stron internetowych, kt\u00f3re nie s\u0105 przez nas obs\u0142ugiwane. Nale\u017cy pami\u0119ta\u0107, \u017ce nie mamy kontroli nad tre\u015bci\u0105 i praktykami tych witryn i nie mo\u017cemy przej\u0105\u0107 odpowiedzialno\u015bci za ich polityk\u0119 prywatno\u015bci. Mo\u017cesz odrzuci\u0107 nasz\u0105 pro\u015bb\u0119 o udost\u0119pnienie Twoich danych osobowych, maj\u0105c \u015bwiadomo\u015b\u0107, \u017ce mo\u017cemy nie by\u0107 w stanie zapewni\u0107 Ci niekt\u00f3rych po\u017c\u0105danych us\u0142ug. Dalsze korzystanie z naszej witryny internetowej b\u0119dzie uznane za akceptacj\u0119 naszych praktyk dotycz\u0105cych prywatno\u015bci i danych osobowych. Je\u015bli masz jakiekolwiek pytania dotycz\u0105ce sposobu, w jaki post\u0119pujemy z danymi u\u017cytkownik\u00f3w i danymi osobowymi, skontaktuj si\u0119 z nami.<\/p>\n\n\n\n<p><strong>Zasady dotycz\u0105ce plik\u00f3w cookie dotycz\u0105ce telefon\u00f3w kom\u00f3rkowych<\/strong><\/p>\n\n\n\n<p><strong>Co to s\u0105 pliki cookie?<\/strong> Zgodnie z powszechn\u0105 praktyk\u0105 w przypadku prawie wszystkich profesjonalnych witryn internetowych, ta witryna wykorzystuje pliki cookie, czyli ma\u0142e pliki pobierane na Tw\u00f3j komputer w celu poprawy komfortu korzystania z niej. Na tej stronie opisano, jakie informacje gromadz\u0105, w jaki spos\u00f3b je wykorzystujemy i dlaczego czasami musimy przechowywa\u0107 te pliki cookie. Powiemy Ci r\u00f3wnie\u017c, w jaki spos\u00f3b mo\u017cesz zapobiec przechowywaniu tych plik\u00f3w cookie, jednak\u017ce mo\u017ce to spowodowa\u0107 pogorszenie lub \u201ezepsucie\u201d niekt\u00f3rych element\u00f3w funkcjonalno\u015bci witryny.<\/p>\n\n\n\n<p><strong>Jak u\u017cywamy plik\u00f3w cookie?<\/strong> U\u017cywamy plik\u00f3w cookie z wielu powod\u00f3w opisanych szczeg\u00f3\u0142owo poni\u017cej. Niestety, w wi\u0119kszo\u015bci przypadk\u00f3w nie ma standardowych opcji wy\u0142\u0105czania plik\u00f3w cookie bez ca\u0142kowitego wy\u0142\u0105czenia funkcjonalno\u015bci i funkcji dodawanych przez nie do tej witryny. Zaleca si\u0119 pozostawienie wszystkich plik\u00f3w cookies, je\u015bli nie jeste\u015b pewien, czy b\u0119d\u0105 Ci potrzebne na wypadek, gdyby by\u0142y wykorzystywane do \u015bwiadczenia us\u0142ugi, z kt\u00f3rej korzystasz.<\/p>\n\n\n\n<p><strong>Wy\u0142\u0105cz pliki cookie<\/strong> Mo\u017cesz zapobiec zapisywaniu plik\u00f3w cookie, dostosowuj\u0105c ustawienia swojej przegl\u0105darki (wi\u0119cej informacji znajdziesz w Pomocy przegl\u0105darki). Nale\u017cy pami\u0119ta\u0107, \u017ce wy\u0142\u0105czenie plik\u00f3w cookie b\u0119dzie mia\u0142o wp\u0142yw na funkcjonalno\u015b\u0107 tej i wielu innych witryn, kt\u00f3re odwiedzasz. Wy\u0142\u0105czenie plik\u00f3w cookie zazwyczaj powoduje wy\u0142\u0105czenie niekt\u00f3rych funkcji i cech tej witryny. Dlatego zaleca si\u0119, aby nie wy\u0142\u0105cza\u0107 plik\u00f3w cookie.<\/p>\n\n\n\n<p><strong>Pliki cookie, kt\u00f3re ustawiamy<\/strong><\/p>\n\n\n\n<ul class=\"wp-block-list\">\n<li><strong>Pliki cookie zwi\u0105zane z kontem<\/strong>: Je\u015bli utworzysz u nas konto, b\u0119dziemy u\u017cywa\u0107 plik\u00f3w cookie do zarz\u0105dzania procesem rejestracji i og\u00f3ln\u0105 administracj\u0105. Te pliki cookie s\u0105 zwykle usuwane po wylogowaniu, jednak w niekt\u00f3rych przypadkach mog\u0105 pozosta\u0107 p\u00f3\u017aniej, aby zapami\u0119ta\u0107 preferencje witryny po wylogowaniu.<\/li>\n\n\n\n<li><strong>Pliki cookie zwi\u0105zane z logowaniem<\/strong>: U\u017cywamy plik\u00f3w cookie, gdy jeste\u015b zalogowany, aby\u015bmy mogli zapami\u0119ta\u0107 t\u0119 czynno\u015b\u0107. Dzi\u0119ki temu nie musisz si\u0119 logowa\u0107 za ka\u017cdym razem, gdy odwiedzasz now\u0105 stron\u0119. Te pliki cookie s\u0105 zwykle usuwane lub kasowane po wylogowaniu si\u0119, aby mie\u0107 pewno\u015b\u0107, \u017ce dost\u0119p do ograniczonych funkcji i obszar\u00f3w b\u0119dzie mo\u017cliwy tylko po zalogowaniu.<\/li>\n\n\n\n<li><strong>Pliki cookie zwi\u0105zane z biuletynami e-mailowymi<\/strong>: Ta witryna oferuje us\u0142ugi subskrypcji biuletynu lub poczty e-mail, a pliki cookie mog\u0105 by\u0107 u\u017cywane do zapami\u0119tywania, czy jeste\u015b ju\u017c zarejestrowany i czy wy\u015bwietla\u0107 okre\u015blone powiadomienia wa\u017cne tylko dla subskrybowanych\/niesubskrybowanych u\u017cytkownik\u00f3w.<\/li>\n<\/ul>","protected":false},"excerpt":{"rendered":"<p>Twoja prywatno\u015b\u0107 jest dla nas wa\u017cna. Polityk\u0105 MobilesLook jest poszanowanie Twojej prywatno\u015bci w odniesieniu do wszelkich informacji, kt\u00f3re mo\u017cemy od Ciebie gromadzi\u0107 na stronie internetowej MobilesLook oraz na innych stronach, kt\u00f3re posiadamy i obs\u0142ugujemy. Prosimy o podanie danych osobowych tylko wtedy, gdy jest to naprawd\u0119 niezb\u0119dne do \u015bwiadczenia us\u0142ugi. Gromadzimy je w uczciwy i zgodny z prawem spos\u00f3b, z\u2026 <a title=\"Polityka prywatno\u015bci\" class=\"read-more\" href=\"https:\/\/mobileslook.com\/pl\/politica-de-privacidade\/\" aria-label=\"Dowiedz si\u0119 zobacz Polityk\u0119 Prywatno\u015bci\">Czytaj wi\u0119cej<\/a><\/p>","protected":false},"author":1,"featured_media":0,"parent":0,"menu_order":0,"comment_status":"closed","ping_status":"closed","template":"","meta":{"footnotes":""},"class_list":["post-170","page","type-page","status-publish"],"_links":{"self":[{"href":"https:\/\/mobileslook.com\/pl\/wp-json\/wp\/v2\/pages\/170","targetHints":{"allow":["GET"]}}],"collection":[{"href":"https:\/\/mobileslook.com\/pl\/wp-json\/wp\/v2\/pages"}],"about":[{"href":"https:\/\/mobileslook.com\/pl\/wp-json\/wp\/v2\/types\/page"}],"author":[{"embeddable":true,"href":"https:\/\/mobileslook.com\/pl\/wp-json\/wp\/v2\/users\/1"}],"replies":[{"embeddable":true,"href":"https:\/\/mobileslook.com\/pl\/wp-json\/wp\/v2\/comments?post=170"}],"version-history":[{"count":1,"href":"https:\/\/mobileslook.com\/pl\/wp-json\/wp\/v2\/pages\/170\/revisions"}],"predecessor-version":[{"id":173,"href":"https:\/\/mobileslook.com\/pl\/wp-json\/wp\/v2\/pages\/170\/revisions\/173"}],"wp:attachment":[{"href":"https:\/\/mobileslook.com\/pl\/wp-json\/wp\/v2\/media?parent=170"}],"curies":[{"name":"wp","href":"https:\/\/api.w.org\/{rel}","templated":true}]}}