{"id":170,"date":"2024-04-30T06:02:53","date_gmt":"2024-04-30T06:02:53","guid":{"rendered":"https:\/\/mobileslook.com\/?page_id=170"},"modified":"2024-11-12T00:34:10","modified_gmt":"2024-11-12T00:34:10","slug":"politica-de-confidentialitate","status":"publish","type":"page","link":"https:\/\/mobileslook.com\/ro\/politica-de-privacidade\/","title":{"rendered":"Politica de confiden\u021bialitate"},"content":{"rendered":"<p>Confiden\u021bialitatea dumneavoastr\u0103 este important\u0103 pentru noi. Politica MobilesLook este s\u0103 v\u0103 respecta\u021bi confiden\u021bialitatea cu privire la orice informa\u021bii pe care le putem colecta de la dvs. pe site-ul web MobilesLook \u0219i pe alte site-uri web pe care le de\u021binem \u0219i oper\u0103m. Solicit\u0103m informa\u021bii personale numai atunci c\u00e2nd avem cu adev\u0103rat nevoie de ele pentru a v\u0103 oferi un serviciu. Facem acest lucru prin mijloace corecte \u0219i legale, cu cuno\u0219tin\u021bele \u0219i consim\u021b\u0103m\u00e2ntul dumneavoastr\u0103. De asemenea, v\u0103 spunem de ce \u00eel colect\u0103m \u0219i cum va fi folosit. Re\u021binem informa\u021biile colectate doar at\u00e2t timp c\u00e2t este necesar pentru a furniza serviciul solicitat. Atunci c\u00e2nd stoc\u0103m date, le protej\u0103m \u00een mijloace acceptabile din punct de vedere comercial pentru a preveni pierderea \u0219i furtul, precum \u0219i accesul neautorizat, dezv\u0103luirea, copierea, utilizarea sau modificarea. Nu \u00eemp\u0103rt\u0103\u0219im informa\u021bii de identificare personal\u0103 \u00een mod public sau cu ter\u021bi, cu excep\u021bia cazului \u00een care este impus de lege. Site-ul nostru web poate avea link-uri c\u0103tre site-uri web externe care nu sunt operate de noi. V\u0103 rug\u0103m s\u0103 re\u021bine\u021bi c\u0103 nu avem control asupra con\u021binutului \u0219i practicilor acestor site-uri \u0219i nu ne putem asuma responsabilitatea pentru politicile lor de confiden\u021bialitate respective. Sunte\u021bi liber s\u0103 refuza\u021bi solicitarea noastr\u0103 de informa\u021bii personale, \u00een\u021beleg\u00e2nd c\u0103 este posibil s\u0103 nu v\u0103 putem oferi unele dintre serviciile dorite. Utilizarea \u00een continuare a site-ului nostru web va fi considerat\u0103 acceptarea practicilor noastre privind confiden\u021bialitatea \u0219i informa\u021biile personale. Dac\u0103 ave\u021bi \u00eentreb\u0103ri despre modul \u00een care gestion\u0103m datele utilizatorului \u0219i informa\u021biile personale, v\u0103 rug\u0103m s\u0103 ne contacta\u021bi.<\/p>\n\n\n\n<p><strong>Politica de cookie-uri MobilesLook<\/strong><\/p>\n\n\n\n<p><strong>Ce sunt cookie-urile?<\/strong> A\u0219a cum este o practic\u0103 obi\u0219nuit\u0103 cu aproape toate site-urile web profesionale, acest site folose\u0219te cookie-uri, care sunt fi\u0219iere mici care sunt desc\u0103rcate pe computerul dvs., pentru a v\u0103 \u00eembun\u0103t\u0103\u021bi experien\u021ba. Aceast\u0103 pagin\u0103 descrie ce informa\u021bii colecteaz\u0103, cum le folosim \u0219i de ce uneori trebuie s\u0103 stoc\u0103m aceste cookie-uri. De asemenea, vom \u00eemp\u0103rt\u0103\u0219i modul \u00een care pute\u021bi \u00eempiedica stocarea acestor cookie-uri, cu toate acestea, acest lucru poate reduce sau \u201erupe\u201d anumite elemente ale func\u021bionalit\u0103\u021bii site-ului.<\/p>\n\n\n\n<p><strong>Cum folosim cookie-urile?<\/strong> Folosim cookie-uri din mai multe motive, detaliate mai jos. Din p\u0103cate, \u00een cele mai multe cazuri, nu exist\u0103 op\u021biuni standard \u00een industrie pentru dezactivarea cookie-urilor f\u0103r\u0103 a dezactiva complet func\u021bionalitatea \u0219i caracteristicile pe care le adaug\u0103 acestui site. Este recomandat s\u0103 l\u0103sa\u021bi toate cookie-urile dac\u0103 nu sunte\u021bi sigur dac\u0103 ave\u021bi sau nu nevoie de ele \u00een cazul \u00een care sunt folosite pentru a furniza un serviciu pe care \u00eel utiliza\u021bi.<\/p>\n\n\n\n<p><strong>Dezactiva\u021bi cookie-urile<\/strong> Pute\u021bi \u00eempiedica setarea cookie-urilor ajust\u00e2nd set\u0103rile browserului dvs. (consulta\u021bi Ajutorul browserului pentru cum s\u0103 face\u021bi acest lucru). V\u0103 rug\u0103m s\u0103 re\u021bine\u021bi c\u0103 dezactivarea cookie-urilor va afecta func\u021bionalitatea acestui site \u0219i a multor alte site-uri web pe care le vizita\u021bi. Dezactivarea cookie-urilor va duce, \u00een general, la dezactivarea anumitor func\u021bionalit\u0103\u021bi \u0219i caracteristici ale acestui site web. Prin urmare, este recomandat s\u0103 nu dezactiva\u021bi cookie-urile.<\/p>\n\n\n\n<p><strong>Cookie-uri pe care le set\u0103m<\/strong><\/p>\n\n\n\n<ul class=\"wp-block-list\">\n<li><strong>Cookie-uri legate de cont<\/strong>: Dac\u0103 v\u0103 crea\u021bi un cont la noi, vom folosi cookie-uri pentru a gestiona procesul de \u00eenregistrare \u0219i administrarea general\u0103. Aceste cookie-uri vor fi de obicei \u0219terse atunci c\u00e2nd v\u0103 deconecta\u021bi, totu\u0219i, \u00een unele cazuri, ele pot r\u0103m\u00e2ne ulterior pentru a v\u0103 aminti preferin\u021bele de site c\u00e2nd v\u0103 deconecta\u021bi.<\/li>\n\n\n\n<li><strong>Cookie-uri legate de autentificare<\/strong>: Folosim cookie-uri atunci c\u00e2nd sunte\u021bi autentificat, astfel \u00eenc\u00e2t s\u0103 ne putem aminti aceast\u0103 ac\u021biune. Acest lucru v\u0103 scute\u0219te de a fi nevoie s\u0103 v\u0103 conecta\u021bi de fiecare dat\u0103 c\u00e2nd vizita\u021bi o pagin\u0103 nou\u0103. Aceste cookie-uri sunt \u00een mod normal eliminate sau \u0219terse atunci c\u00e2nd v\u0103 deconecta\u021bi pentru a v\u0103 asigura c\u0103 pute\u021bi accesa func\u021biile \u0219i zonele restric\u021bionate numai atunci c\u00e2nd sunte\u021bi autentificat.<\/li>\n\n\n\n<li><strong>Cookie-uri legate de buletinele informative prin e-mail<\/strong>: Acest site ofer\u0103 servicii de abonare la newsletter sau e-mail, iar cookie-urile pot fi folosite pentru a v\u0103 aminti dac\u0103 sunte\u021bi deja \u00eenregistrat \u0219i dac\u0103 s\u0103 afi\u0219a\u021bi anumite notific\u0103ri valabile doar pentru utilizatorii abona\u021bi\/dezabona\u021bi.<\/li>\n<\/ul>","protected":false},"excerpt":{"rendered":"<p>Confiden\u021bialitatea dumneavoastr\u0103 este important\u0103 pentru noi. Politica MobilesLook este de a respecta confiden\u021bialitatea dumneavoastr\u0103 cu privire la orice informa\u021bii pe care le putem colecta de la dumneavoastr\u0103 pe site-ul MobilesLook \u0219i pe alte site-uri pe care le de\u021binem \u0219i le oper\u0103m. V\u0103 solicit\u0103m informa\u021bii personale doar atunci c\u00e2nd avem cu adev\u0103rat nevoie de ele pentru a furniza un serviciu. Le colect\u0103m prin mijloace corecte \u0219i legale, cu... <a title=\"Politica de confiden\u021bialitate\" class=\"read-more\" href=\"https:\/\/mobileslook.com\/ro\/politica-de-privacidade\/\" aria-label=\"V\u0103 rug\u0103m s\u0103 cita\u021bi mai multe f\u0103r\u0103 Politica de confiden\u021bialitate\">cite\u015fte mai mult<\/a><\/p>","protected":false},"author":1,"featured_media":0,"parent":0,"menu_order":0,"comment_status":"closed","ping_status":"closed","template":"","meta":{"footnotes":""},"class_list":["post-170","page","type-page","status-publish"],"_links":{"self":[{"href":"https:\/\/mobileslook.com\/ro\/wp-json\/wp\/v2\/pages\/170","targetHints":{"allow":["GET"]}}],"collection":[{"href":"https:\/\/mobileslook.com\/ro\/wp-json\/wp\/v2\/pages"}],"about":[{"href":"https:\/\/mobileslook.com\/ro\/wp-json\/wp\/v2\/types\/page"}],"author":[{"embeddable":true,"href":"https:\/\/mobileslook.com\/ro\/wp-json\/wp\/v2\/users\/1"}],"replies":[{"embeddable":true,"href":"https:\/\/mobileslook.com\/ro\/wp-json\/wp\/v2\/comments?post=170"}],"version-history":[{"count":1,"href":"https:\/\/mobileslook.com\/ro\/wp-json\/wp\/v2\/pages\/170\/revisions"}],"predecessor-version":[{"id":173,"href":"https:\/\/mobileslook.com\/ro\/wp-json\/wp\/v2\/pages\/170\/revisions\/173"}],"wp:attachment":[{"href":"https:\/\/mobileslook.com\/ro\/wp-json\/wp\/v2\/media?parent=170"}],"curies":[{"name":"wp","href":"https:\/\/api.w.org\/{rel}","templated":true}]}}