{"id":177,"date":"2024-04-30T06:04:09","date_gmt":"2024-04-30T06:04:09","guid":{"rendered":"https:\/\/mobileslook.com\/?page_id=177"},"modified":"2024-04-30T06:04:09","modified_gmt":"2024-04-30T06:04:09","slug":"a-lua-legatura","status":"publish","type":"page","link":"https:\/\/mobileslook.com\/ro\/contato\/","title":{"rendered":"a lua legatura"},"content":{"rendered":"<p>Dac\u0103 ave\u021bi \u00eentreb\u0103ri sau sugestii, v\u0103 rug\u0103m s\u0103 ne contacta\u021bi prin e-mailul de mai jos:<\/p>\n\n\n\n<p>contato@mobileslook.com<\/p>","protected":false},"excerpt":{"rendered":"<p>Dac\u0103 ave\u021bi \u00eentreb\u0103ri sau sugestii, v\u0103 rug\u0103m s\u0103 ne contacta\u021bi prin e-mailul de mai jos: contato@mobileslook.com<\/p>","protected":false},"author":1,"featured_media":0,"parent":0,"menu_order":0,"comment_status":"closed","ping_status":"closed","template":"","meta":{"footnotes":""},"class_list":["post-177","page","type-page","status-publish"],"_links":{"self":[{"href":"https:\/\/mobileslook.com\/ro\/wp-json\/wp\/v2\/pages\/177","targetHints":{"allow":["GET"]}}],"collection":[{"href":"https:\/\/mobileslook.com\/ro\/wp-json\/wp\/v2\/pages"}],"about":[{"href":"https:\/\/mobileslook.com\/ro\/wp-json\/wp\/v2\/types\/page"}],"author":[{"embeddable":true,"href":"https:\/\/mobileslook.com\/ro\/wp-json\/wp\/v2\/users\/1"}],"replies":[{"embeddable":true,"href":"https:\/\/mobileslook.com\/ro\/wp-json\/wp\/v2\/comments?post=177"}],"version-history":[{"count":1,"href":"https:\/\/mobileslook.com\/ro\/wp-json\/wp\/v2\/pages\/177\/revisions"}],"predecessor-version":[{"id":178,"href":"https:\/\/mobileslook.com\/ro\/wp-json\/wp\/v2\/pages\/177\/revisions\/178"}],"wp:attachment":[{"href":"https:\/\/mobileslook.com\/ro\/wp-json\/wp\/v2\/media?parent=177"}],"curies":[{"name":"wp","href":"https:\/\/api.w.org\/{rel}","templated":true}]}}