{"id":170,"date":"2024-04-30T06:02:53","date_gmt":"2024-04-30T06:02:53","guid":{"rendered":"https:\/\/mobileslook.com\/?page_id=170"},"modified":"2024-11-12T00:34:10","modified_gmt":"2024-11-12T00:34:10","slug":"zasady-ochrany-osobnych-udajov","status":"publish","type":"page","link":"https:\/\/mobileslook.com\/sk\/politica-de-privacidade\/","title":{"rendered":"Z\u00e1sady ochrany osobn\u00fdch \u00fadajov"},"content":{"rendered":"<p>Va\u0161e s\u00fakromie je pre n\u00e1s d\u00f4le\u017eit\u00e9. Z\u00e1sadou spolo\u010dnosti MobilesLook je re\u0161pektova\u0165 va\u0161e s\u00fakromie v s\u00favislosti s ak\u00fdmiko\u013evek inform\u00e1ciami, ktor\u00e9 od v\u00e1s m\u00f4\u017eeme z\u00edska\u0165 na webovej lokalite MobilesLook a na in\u00fdch webov\u00fdch lokalit\u00e1ch, ktor\u00e9 vlastn\u00edme a prev\u00e1dzkujeme. Osobn\u00e9 \u00fadaje po\u017eadujeme len vtedy, ke\u010f ich skuto\u010dne potrebujeme na to, aby sme v\u00e1m mohli poskytn\u00fa\u0165 slu\u017ebu. Rob\u00edme tak spravodliv\u00fdmi a z\u00e1konn\u00fdmi prostriedkami, s va\u0161\u00edm vedom\u00edm a s\u00fahlasom. Tie\u017e v\u00e1m povieme, pre\u010do ho zbierame a ako sa bude pou\u017e\u00edva\u0165. Zhroma\u017eden\u00e9 inform\u00e1cie uchov\u00e1vame len tak dlho, ako je potrebn\u00e9 na poskytnutie po\u017eadovanej slu\u017eby. Ke\u010f \u00fadaje uchov\u00e1vame, chr\u00e1nime ich komer\u010dne prijate\u013en\u00fdmi prostriedkami, aby sme zabr\u00e1nili strate a kr\u00e1de\u017ei, ako aj neopr\u00e1vnen\u00e9mu pr\u00edstupu, zverejneniu, kop\u00edrovaniu, pou\u017eitiu alebo \u00faprave. Osobne identifikovate\u013en\u00e9 inform\u00e1cie nezdie\u013eame verejne ani s tret\u00edmi stranami okrem pr\u00edpadov, ke\u010f to vy\u017eaduje z\u00e1kon. Na\u0161a webov\u00e1 str\u00e1nka m\u00f4\u017ee obsahova\u0165 odkazy na extern\u00e9 webov\u00e9 str\u00e1nky, ktor\u00e9 neprev\u00e1dzkujeme. Upozor\u0148ujeme, \u017ee nem\u00e1me \u017eiadnu kontrolu nad obsahom a postupmi t\u00fdchto str\u00e1nok a nem\u00f4\u017eeme prija\u0165 zodpovednos\u0165 za pr\u00edslu\u0161n\u00e9 z\u00e1sady ochrany osobn\u00fdch \u00fadajov. M\u00f4\u017eete slobodne odmietnu\u0165 na\u0161u \u017eiados\u0165 o va\u0161e osobn\u00e9 \u00fadaje s t\u00fdm, \u017ee v\u00e1m mo\u017eno nebudeme m\u00f4c\u0165 poskytn\u00fa\u0165 niektor\u00e9 z va\u0161ich po\u017eadovan\u00fdch slu\u017eieb. Va\u0161e \u010fal\u0161ie pou\u017e\u00edvanie na\u0161ej webovej str\u00e1nky bude pova\u017eovan\u00e9 za prijatie na\u0161ich prakt\u00edk v oblasti ochrany osobn\u00fdch \u00fadajov a osobn\u00fdch \u00fadajov. Ak m\u00e1te ak\u00e9ko\u013evek ot\u00e1zky o tom, ako naklad\u00e1me s pou\u017e\u00edvate\u013esk\u00fdmi \u00fadajmi a osobn\u00fdmi \u00fadajmi, kontaktujte n\u00e1s.<\/p>\n\n\n\n<p><strong>Z\u00e1sady pou\u017e\u00edvania s\u00faborov cookie pre MobilesLook<\/strong><\/p>\n\n\n\n<p><strong>\u010co s\u00fa cookies?<\/strong> Ako je be\u017enou praxou takmer v\u0161etk\u00fdch profesion\u00e1lnych webov\u00fdch str\u00e1nok, t\u00e1to str\u00e1nka pou\u017e\u00edva cookies, \u010do s\u00fa mal\u00e9 s\u00fabory, ktor\u00e9 sa s\u0165ahuj\u00fa do v\u00e1\u0161ho po\u010d\u00edta\u010da, aby sa zlep\u0161il v\u00e1\u0161 z\u00e1\u017eitok. T\u00e1to str\u00e1nka popisuje, ak\u00e9 inform\u00e1cie zhroma\u017e\u010fuj\u00fa, ako ich pou\u017e\u00edvame a pre\u010do niekedy potrebujeme uklada\u0165 tieto s\u00fabory cookie. Tie\u017e sa podel\u00edme o to, ako m\u00f4\u017eete zabr\u00e1ni\u0165 ukladaniu t\u00fdchto s\u00faborov cookie, m\u00f4\u017ee to v\u0161ak zn\u00ed\u017ei\u0165 alebo \u201enaru\u0161i\u0165\u201c ur\u010dit\u00e9 prvky funk\u010dnosti str\u00e1nky.<\/p>\n\n\n\n<p><strong>Ako pou\u017e\u00edvame s\u00fabory cookie?<\/strong> S\u00fabory cookie pou\u017e\u00edvame z nieko\u013ek\u00fdch d\u00f4vodov, ktor\u00e9 s\u00fa podrobne uveden\u00e9 ni\u017e\u0161ie. Bohu\u017eia\u013e, vo v\u00e4\u010d\u0161ine pr\u00edpadov neexistuj\u00fa \u017eiadne \u0161tandardn\u00e9 mo\u017enosti na zak\u00e1zanie s\u00faborov cookie bez \u00fapln\u00e9ho vypnutia funkci\u00ed a funkci\u00ed, ktor\u00e9 prid\u00e1vaj\u00fa na t\u00fato str\u00e1nku. Odpor\u00fa\u010da sa ponecha\u0165 v\u0161etky s\u00fabory cookie, ak si nie ste ist\u00ed, \u010di ich potrebujete v pr\u00edpade, \u017ee sa pou\u017e\u00edvaj\u00fa na poskytovanie slu\u017eby, ktor\u00fa pou\u017e\u00edvate.<\/p>\n\n\n\n<p><strong>Zak\u00e1za\u0165 s\u00fabory cookie<\/strong> Nastavovaniu cookies m\u00f4\u017eete zabr\u00e1ni\u0165 \u00fapravou nastaven\u00ed v\u00e1\u0161ho prehliada\u010da (pozrite si pomocn\u00edka v\u00e1\u0161ho prehliada\u010da, ako to urobi\u0165). Upozor\u0148ujeme, \u017ee zak\u00e1zanie s\u00faborov cookie ovplyvn\u00ed funk\u010dnos\u0165 tejto a mnoh\u00fdch \u010fal\u0161\u00edch webov\u00fdch str\u00e1nok, ktor\u00e9 nav\u0161t\u00edvite. Zak\u00e1zanie s\u00faborov cookie vo v\u0161eobecnosti povedie k zak\u00e1zaniu ur\u010dit\u00fdch funkci\u00ed a vlastnost\u00ed tejto webovej str\u00e1nky. Preto sa odpor\u00fa\u010da, aby ste cookies nezakazovali.<\/p>\n\n\n\n<p><strong>S\u00fabory cookie, ktor\u00e9 sme nastavili<\/strong><\/p>\n\n\n\n<ul class=\"wp-block-list\">\n<li><strong>S\u00fabory cookie s\u00favisiace s \u00fa\u010dtom<\/strong>: Ak si u n\u00e1s vytvor\u00edte \u00fa\u010det, budeme na spr\u00e1vu registra\u010dn\u00e9ho procesu a v\u0161eobecnej administr\u00e1cie pou\u017e\u00edva\u0165 s\u00fabory cookie. Tieto s\u00fabory cookie sa zvy\u010dajne vyma\u017e\u00fa, ke\u010f sa odhl\u00e1site, v niektor\u00fdch pr\u00edpadoch v\u0161ak m\u00f4\u017eu zosta\u0165 aj potom, aby si zapam\u00e4tali predvo\u013eby str\u00e1nok, ke\u010f sa odhl\u00e1site.<\/li>\n\n\n\n<li><strong>Cookies s\u00favisiace s prihl\u00e1sen\u00edm<\/strong>: S\u00fabory cookie pou\u017e\u00edvame, ke\u010f ste prihl\u00e1sen\u00ed, aby sme si t\u00fato akciu zapam\u00e4tali. V\u010faka tomu sa nemus\u00edte prihlasova\u0165 zaka\u017ed\u00fdm, ke\u010f nav\u0161t\u00edvite nov\u00fa str\u00e1nku. Tieto s\u00fabory cookie sa zvy\u010dajne odstr\u00e1nia alebo vyma\u017e\u00fa, ke\u010f sa odhl\u00e1site, aby sa zabezpe\u010dilo, \u017ee po prihl\u00e1sen\u00ed budete ma\u0165 pr\u00edstup iba k obmedzen\u00fdm funkci\u00e1m a oblastiam.<\/li>\n\n\n\n<li><strong>S\u00fabory cookie s\u00favisiace s e-mailov\u00fdmi spravodajcami<\/strong>: T\u00e1to str\u00e1nka pon\u00faka slu\u017eby odberu noviniek alebo e-mailov a s\u00fabory cookie m\u00f4\u017eu by\u0165 pou\u017eit\u00e9 na zapam\u00e4tanie si toho, \u010di ste u\u017e zaregistrovan\u00ed a \u010di sa maj\u00fa zobrazova\u0165 ur\u010dit\u00e9 upozornenia platn\u00e9 len pre prihl\u00e1sen\u00fdch\/odhl\u00e1sen\u00fdch pou\u017e\u00edvate\u013eov.<\/li>\n<\/ul>","protected":false},"excerpt":{"rendered":"<p>Va\u0161e s\u00fakromie je pre n\u00e1s d\u00f4le\u017eit\u00e9. Z\u00e1sadou spolo\u010dnosti MobilesLook je re\u0161pektova\u0165 va\u0161e s\u00fakromie, pokia\u013e ide o ak\u00e9ko\u013evek inform\u00e1cie, ktor\u00e9 od v\u00e1s m\u00f4\u017eeme zhroma\u017e\u010fova\u0165 na webovej str\u00e1nke MobilesLook a na in\u00fdch str\u00e1nkach, ktor\u00e9 vlastn\u00edme a prev\u00e1dzkujeme. Osobn\u00e9 \u00fadaje \u017eiadame iba vtedy, ke\u010f ich skuto\u010dne potrebujeme na poskytnutie slu\u017eby. Zhroma\u017e\u010fujeme ich spravodliv\u00fdmi a z\u00e1konn\u00fdmi prostriedkami, pri\u010dom\u2026 <a title=\"Z\u00e1sady ochrany osobn\u00fdch \u00fadajov\" class=\"read-more\" href=\"https:\/\/mobileslook.com\/sk\/politica-de-privacidade\/\" aria-label=\"Upozor\u0148ujeme, \u017ee ak si pre\u010d\u00edtate Z\u00e1sady ochrany osobn\u00fdch \u00fadajov\">\u010d\u00edtaj viac<\/a><\/p>","protected":false},"author":1,"featured_media":0,"parent":0,"menu_order":0,"comment_status":"closed","ping_status":"closed","template":"","meta":{"footnotes":""},"class_list":["post-170","page","type-page","status-publish"],"_links":{"self":[{"href":"https:\/\/mobileslook.com\/sk\/wp-json\/wp\/v2\/pages\/170","targetHints":{"allow":["GET"]}}],"collection":[{"href":"https:\/\/mobileslook.com\/sk\/wp-json\/wp\/v2\/pages"}],"about":[{"href":"https:\/\/mobileslook.com\/sk\/wp-json\/wp\/v2\/types\/page"}],"author":[{"embeddable":true,"href":"https:\/\/mobileslook.com\/sk\/wp-json\/wp\/v2\/users\/1"}],"replies":[{"embeddable":true,"href":"https:\/\/mobileslook.com\/sk\/wp-json\/wp\/v2\/comments?post=170"}],"version-history":[{"count":1,"href":"https:\/\/mobileslook.com\/sk\/wp-json\/wp\/v2\/pages\/170\/revisions"}],"predecessor-version":[{"id":173,"href":"https:\/\/mobileslook.com\/sk\/wp-json\/wp\/v2\/pages\/170\/revisions\/173"}],"wp:attachment":[{"href":"https:\/\/mobileslook.com\/sk\/wp-json\/wp\/v2\/media?parent=170"}],"curies":[{"name":"pracovn\u00fd list","href":"https:\/\/api.w.org\/{rel}","templated":true}]}}