{"id":177,"date":"2024-04-30T06:04:09","date_gmt":"2024-04-30T06:04:09","guid":{"rendered":"https:\/\/mobileslook.com\/?page_id=177"},"modified":"2024-04-30T06:04:09","modified_gmt":"2024-04-30T06:04:09","slug":"kontakt","status":"publish","type":"page","link":"https:\/\/mobileslook.com\/sk\/contato\/","title":{"rendered":"Kontakt"},"content":{"rendered":"<p>Ak m\u00e1te ak\u00e9ko\u013evek ot\u00e1zky alebo n\u00e1vrhy, kontaktujte n\u00e1s prostredn\u00edctvom ni\u017e\u0161ie uveden\u00e9ho e-mailu:<\/p>\n\n\n\n<p>contato@mobileslook.com<\/p>","protected":false},"excerpt":{"rendered":"<p>V pr\u00edpade ot\u00e1zok alebo n\u00e1vrhov n\u00e1s pros\u00edm kontaktujte na ni\u017e\u0161ie uvedenej e-mailovej adrese: contato@mobileslook.com<\/p>","protected":false},"author":1,"featured_media":0,"parent":0,"menu_order":0,"comment_status":"closed","ping_status":"closed","template":"","meta":{"footnotes":""},"class_list":["post-177","page","type-page","status-publish"],"_links":{"self":[{"href":"https:\/\/mobileslook.com\/sk\/wp-json\/wp\/v2\/pages\/177","targetHints":{"allow":["GET"]}}],"collection":[{"href":"https:\/\/mobileslook.com\/sk\/wp-json\/wp\/v2\/pages"}],"about":[{"href":"https:\/\/mobileslook.com\/sk\/wp-json\/wp\/v2\/types\/page"}],"author":[{"embeddable":true,"href":"https:\/\/mobileslook.com\/sk\/wp-json\/wp\/v2\/users\/1"}],"replies":[{"embeddable":true,"href":"https:\/\/mobileslook.com\/sk\/wp-json\/wp\/v2\/comments?post=177"}],"version-history":[{"count":1,"href":"https:\/\/mobileslook.com\/sk\/wp-json\/wp\/v2\/pages\/177\/revisions"}],"predecessor-version":[{"id":178,"href":"https:\/\/mobileslook.com\/sk\/wp-json\/wp\/v2\/pages\/177\/revisions\/178"}],"wp:attachment":[{"href":"https:\/\/mobileslook.com\/sk\/wp-json\/wp\/v2\/media?parent=177"}],"curies":[{"name":"pracovn\u00fd list","href":"https:\/\/api.w.org\/{rel}","templated":true}]}}