{"id":170,"date":"2024-04-30T06:02:53","date_gmt":"2024-04-30T06:02:53","guid":{"rendered":"https:\/\/mobileslook.com\/?page_id=170"},"modified":"2024-11-12T00:34:10","modified_gmt":"2024-11-12T00:34:10","slug":"politika-zasebnosti","status":"publish","type":"page","link":"https:\/\/mobileslook.com\/sl\/politica-de-privacidade\/","title":{"rendered":"Politika zasebnosti"},"content":{"rendered":"<p>Va\u0161a zasebnost nam je pomembna. Politika podjetja MobilesLook je, da spo\u0161tuje va\u0161o zasebnost glede kakr\u0161nih koli informacij, ki jih lahko zberemo od vas na spletnem mestu MobilesLook in drugih spletnih mestih, ki jih imamo v lasti in jih upravljamo. Osebne podatke zahtevamo le, kadar jih resni\u010dno potrebujemo, da vam zagotovimo storitev. To po\u010dnemo na po\u0161ten in zakonit na\u010din, z va\u0161o vednostjo in soglasjem. Povemo vam tudi, zakaj ga zbiramo in kako ga bomo uporabljali. Zbrane podatke hranimo le toliko \u010dasa, kolikor je potrebno za zagotavljanje zahtevane storitve. Ko shranjujemo podatke, jih varujemo s komercialno sprejemljivimi sredstvi, da prepre\u010dimo izgubo in krajo ter nepoobla\u0161\u010den dostop, razkritje, kopiranje, uporabo ali spreminjanje. Osebnih podatkov ne delimo javno ali s tretjimi osebami, razen \u010de to zahteva zakon. Na\u0161e spletno mesto ima lahko povezave do zunanjih spletnih mest, ki jih ne upravljamo mi. Zavedajte se, da nimamo nadzora nad vsebino in praksami teh spletnih mest in ne moremo prevzeti odgovornosti za njihove politike zasebnosti. Na\u0161o zahtevo po va\u0161ih osebnih podatkih lahko zavrnete, pri \u010demer se zavedate, da vam morda ne bomo mogli zagotoviti nekaterih \u017eelenih storitev. Va\u0161a nadaljnja uporaba na\u0161ega spletnega mesta se bo \u0161tela za sprejemanje na\u0161ih praks glede zasebnosti in osebnih podatkov. \u010ce imate kakr\u0161na koli vpra\u0161anja o tem, kako ravnamo z uporabni\u0161kimi in osebnimi podatki, se obrnite na nas.<\/p>\n\n\n\n<p><strong>Politika pi\u0161kotkov MobilesLook<\/strong><\/p>\n\n\n\n<p><strong>Kaj so pi\u0161kotki?<\/strong> Kot je obi\u010dajna praksa pri skoraj vseh profesionalnih spletnih mestih, to spletno mesto uporablja pi\u0161kotke, ki so majhne datoteke, ki se prenesejo na va\u0161 ra\u010dunalnik, da izbolj\u0161ajo va\u0161o izku\u0161njo. Na tej strani je opisano, katere podatke zbirajo, kako jih uporabljamo in zakaj moramo v\u010dasih te pi\u0161kotke shraniti. Povedali vam bomo tudi, kako lahko prepre\u010dite shranjevanje teh pi\u0161kotkov, vendar lahko to poslab\u0161a ali &#039;pokvari&#039; nekatere elemente funkcionalnosti spletnega mesta.<\/p>\n\n\n\n<p><strong>Kako uporabljamo pi\u0161kotke?<\/strong> Pi\u0161kotke uporabljamo iz ve\u010d razlogov, ki so podrobno opisani spodaj. Na \u017ealost v ve\u010dini primerov ni nobenih industrijskih standardnih mo\u017enosti za onemogo\u010danje pi\u0161kotkov, ne da bi popolnoma onemogo\u010dili funkcionalnost in funkcije, ki jih dodajo tej strani. Priporo\u010dljivo je, da pustite vse pi\u0161kotke, \u010de niste prepri\u010dani, ali jih potrebujete ali ne, v primeru, da se uporabljajo za zagotavljanje storitve, ki jo uporabljate.<\/p>\n\n\n\n<p><strong>Onemogo\u010di pi\u0161kotke<\/strong> Nastavitev pi\u0161kotkov lahko prepre\u010dite tako, da prilagodite nastavitve brskalnika (glejte pomo\u010d brskalnika, kako to storiti). Zavedajte se, da bo onemogo\u010danje pi\u0161kotkov vplivalo na delovanje tega in \u0161tevilnih drugih spletnih mest, ki jih obi\u0161\u010dete. \u010ce onemogo\u010dite pi\u0161kotke, boste na splo\u0161no onemogo\u010dili nekatere funkcije in funkcije tega spletnega mesta. Zato je priporo\u010dljivo, da pi\u0161kotkov ne onemogo\u010dite.<\/p>\n\n\n\n<p><strong>Pi\u0161kotke smo nastavili<\/strong><\/p>\n\n\n\n<ul class=\"wp-block-list\">\n<li><strong>Pi\u0161kotki, povezani z ra\u010dunom<\/strong>: \u010ce pri nas ustvarite ra\u010dun, bomo za upravljanje postopka registracije in splo\u0161ne administracije uporabljali pi\u0161kotke. Ti pi\u0161kotki se obi\u010dajno izbri\u0161ejo, ko se odjavite, v nekaterih primerih pa lahko ostanejo tudi pozneje, da si zapomnijo va\u0161e nastavitve spletnega mesta, ko se odjavite.<\/li>\n\n\n\n<li><strong>Pi\u0161kotki, povezani s prijavo<\/strong>: Ko ste prijavljeni, uporabljamo pi\u0161kotke, da si lahko zapomnimo to dejanje. To vam prihrani, da se vam ni treba prijaviti vsaki\u010d, ko obi\u0161\u010dete novo stran. Ti pi\u0161kotki se obi\u010dajno odstranijo ali izbri\u0161ejo, ko se odjavite, da zagotovite, da lahko dostopate samo do omejenih funkcij in obmo\u010dij, ko ste prijavljeni.<\/li>\n\n\n\n<li><strong>Pi\u0161kotki, povezani z e-novicami<\/strong>: To spletno mesto ponuja storitve naro\u010danja na novice ali e-po\u0161to, pi\u0161kotki pa se lahko uporabljajo, da si zapomnijo, ali ste \u017ee registrirani in ali \u017eelite prikazati dolo\u010dena obvestila, veljavna samo za naro\u010dene\/nenaro\u010dene uporabnike.<\/li>\n<\/ul>","protected":false},"excerpt":{"rendered":"<p>Va\u0161a zasebnost nam je pomembna. Politika podjetja MobilesLook je spo\u0161tovanje va\u0161e zasebnosti glede vseh informacij, ki jih lahko zberemo od vas na spletnem mestu MobilesLook in drugih spletnih mestih, ki so v na\u0161i lasti in jih upravljamo. Osebne podatke zahtevamo le, kadar jih resni\u010dno potrebujemo za zagotavljanje storitve. Zbiramo jih na po\u0161ten in zakonit na\u010din, pri \u010demer\u2026 <a title=\"Politika zasebnosti\" class=\"read-more\" href=\"https:\/\/mobileslook.com\/sl\/politica-de-privacidade\/\" aria-label=\"Preberite ve\u010d o politiki zasebnosti\">Preberi ve\u010d<\/a><\/p>","protected":false},"author":1,"featured_media":0,"parent":0,"menu_order":0,"comment_status":"closed","ping_status":"closed","template":"","meta":{"footnotes":""},"class_list":["post-170","page","type-page","status-publish"],"_links":{"self":[{"href":"https:\/\/mobileslook.com\/sl\/wp-json\/wp\/v2\/pages\/170","targetHints":{"allow":["GET"]}}],"collection":[{"href":"https:\/\/mobileslook.com\/sl\/wp-json\/wp\/v2\/pages"}],"about":[{"href":"https:\/\/mobileslook.com\/sl\/wp-json\/wp\/v2\/types\/page"}],"author":[{"embeddable":true,"href":"https:\/\/mobileslook.com\/sl\/wp-json\/wp\/v2\/users\/1"}],"replies":[{"embeddable":true,"href":"https:\/\/mobileslook.com\/sl\/wp-json\/wp\/v2\/comments?post=170"}],"version-history":[{"count":1,"href":"https:\/\/mobileslook.com\/sl\/wp-json\/wp\/v2\/pages\/170\/revisions"}],"predecessor-version":[{"id":173,"href":"https:\/\/mobileslook.com\/sl\/wp-json\/wp\/v2\/pages\/170\/revisions\/173"}],"wp:attachment":[{"href":"https:\/\/mobileslook.com\/sl\/wp-json\/wp\/v2\/media?parent=170"}],"curies":[{"name":"delovni list","href":"https:\/\/api.w.org\/{rel}","templated":true}]}}