{"id":170,"date":"2024-04-30T06:02:53","date_gmt":"2024-04-30T06:02:53","guid":{"rendered":"https:\/\/mobileslook.com\/?page_id=170"},"modified":"2024-11-12T00:34:10","modified_gmt":"2024-11-12T00:34:10","slug":"gizlilik-politikasi","status":"publish","type":"page","link":"https:\/\/mobileslook.com\/tr\/politica-de-privacidade\/","title":{"rendered":"Gizlilik Politikas\u0131"},"content":{"rendered":"<p>Gizlili\u011finiz bizim i\u00e7in \u00f6nemlidir. MobilesLook web sitesinde ve sahip oldu\u011fumuz ve i\u015fletti\u011fimiz di\u011fer web sitelerinde sizden toplayabilece\u011fimiz her t\u00fcrl\u00fc bilgiyle ilgili gizlili\u011finize sayg\u0131 duymak MobilesLook&#039;un politikas\u0131d\u0131r. Ki\u015fisel bilgileri yaln\u0131zca size bir hizmet sunmak i\u00e7in ger\u00e7ekten ihtiyac\u0131m\u0131z oldu\u011funda talep ederiz. Bunu sizin bilginiz ve izninizle, adil ve yasal yollarla yap\u0131yoruz. Ayr\u0131ca bunlar\u0131 neden toplad\u0131\u011f\u0131m\u0131z\u0131 ve nas\u0131l kullan\u0131laca\u011f\u0131n\u0131 da anlat\u0131yoruz. Toplanan bilgileri yaln\u0131zca talep edilen hizmeti sa\u011flamak i\u00e7in gerekli oldu\u011fu s\u00fcrece saklar\u0131z. Verileri saklad\u0131\u011f\u0131m\u0131zda, bunlar\u0131 kay\u0131p ve h\u0131rs\u0131zl\u0131\u011f\u0131n yan\u0131 s\u0131ra yetkisiz eri\u015fim, if\u015fa, kopyalama, kullan\u0131m veya de\u011fi\u015ftirmeyi \u00f6nlemek i\u00e7in ticari olarak kabul edilebilir y\u00f6ntemlerle koruruz. Ki\u015fisel olarak tan\u0131mlanabilecek bilgileri, yasalar\u0131n gerektirdi\u011fi durumlar d\u0131\u015f\u0131nda kamuya a\u00e7\u0131k olarak veya \u00fc\u00e7\u00fcnc\u00fc taraflarla payla\u015fmay\u0131z. Web sitemizde taraf\u0131m\u0131zca i\u015fletilmeyen harici web sitelerine ba\u011flant\u0131lar bulunabilir. Bu sitelerin i\u00e7eri\u011fi ve uygulamalar\u0131 \u00fczerinde hi\u00e7bir kontrol\u00fcm\u00fcz olmad\u0131\u011f\u0131n\u0131 ve ilgili gizlilik politikalar\u0131na ili\u015fkin sorumluluk kabul edemeyece\u011fimizi l\u00fctfen unutmay\u0131n. \u0130stedi\u011finiz hizmetlerden baz\u0131lar\u0131n\u0131 size sa\u011flayamayabilece\u011fimizi kabul ederek, ki\u015fisel bilgilerinize ili\u015fkin talebimizi reddetmekte \u00f6zg\u00fcrs\u00fcn\u00fcz. Web sitemizi kullanmaya devam etmeniz, gizlilik ve ki\u015fisel bilgilerle ilgili uygulamalar\u0131m\u0131z\u0131 kabul etti\u011finiz anlam\u0131na gelecektir. Kullan\u0131c\u0131 verilerini ve ki\u015fisel bilgileri nas\u0131l i\u015fledi\u011fimize ili\u015fkin sorular\u0131n\u0131z varsa l\u00fctfen bizimle ileti\u015fime ge\u00e7in.<\/p>\n\n\n\n<p><strong>MobilesLook \u00c7erez Politikas\u0131<\/strong><\/p>\n\n\n\n<p><strong>\u00c7erezler nedir?<\/strong> Neredeyse t\u00fcm profesyonel web sitelerinde oldu\u011fu gibi bu site de deneyiminizi geli\u015ftirmek i\u00e7in bilgisayar\u0131n\u0131za indirilen k\u00fc\u00e7\u00fck dosyalar olan \u00e7erezleri kullan\u0131r. Bu sayfada hangi bilgileri toplad\u0131klar\u0131n\u0131, bunlar\u0131 nas\u0131l kulland\u0131\u011f\u0131m\u0131z\u0131 ve neden bazen bu \u00e7erezleri saklamam\u0131z gerekti\u011fini a\u00e7\u0131kl\u0131yoruz. Ayr\u0131ca bu \u00e7erezlerin saklanmas\u0131n\u0131 nas\u0131l \u00f6nleyebilece\u011finizi de payla\u015faca\u011f\u0131z; ancak bu, sitenin i\u015flevselli\u011finin belirli \u00f6\u011felerinin d\u00fczeyini d\u00fc\u015f\u00fcrebilir veya &#039;bozabilir&#039;.<\/p>\n\n\n\n<p><strong>\u00c7erezleri nas\u0131l kullan\u0131r\u0131z?<\/strong> \u00c7erezleri a\u015fa\u011f\u0131da ayr\u0131nt\u0131lar\u0131 verilen \u00e7e\u015fitli nedenlerle kullan\u0131yoruz. Ne yaz\u0131k ki \u00e7o\u011fu durumda, \u00e7erezlerin bu siteye ekledikleri i\u015flevsellik ve \u00f6zellikleri tamamen devre d\u0131\u015f\u0131 b\u0131rakmadan \u00e7erezleri devre d\u0131\u015f\u0131 b\u0131rakmaya y\u00f6nelik end\u00fcstri standard\u0131 se\u00e7enekler bulunmamaktad\u0131r. Kulland\u0131\u011f\u0131n\u0131z bir hizmeti sa\u011flamak i\u00e7in kullan\u0131lmalar\u0131 durumunda \u00e7erezlere ihtiyac\u0131n\u0131z olup olmad\u0131\u011f\u0131ndan emin de\u011filseniz t\u00fcm \u00e7erezleri b\u0131rakman\u0131z \u00f6nerilir.<\/p>\n\n\n\n<p><strong>\u00c7erezleri devre d\u0131\u015f\u0131 b\u0131rak<\/strong> Taray\u0131c\u0131n\u0131z\u0131n ayarlar\u0131n\u0131 de\u011fi\u015ftirerek \u00e7erezlerin ayarlanmas\u0131n\u0131 engelleyebilirsiniz (bunun nas\u0131l yap\u0131laca\u011f\u0131 hakk\u0131nda bilgi i\u00e7in taray\u0131c\u0131n\u0131z\u0131n Yard\u0131m\u0131na bak\u0131n). \u00c7erezleri devre d\u0131\u015f\u0131 b\u0131rakman\u0131n bu sitenin ve ziyaret etti\u011finiz di\u011fer bir\u00e7ok web sitesinin i\u015flevselli\u011fini etkileyece\u011fini l\u00fctfen unutmay\u0131n. \u00c7erezlerin devre d\u0131\u015f\u0131 b\u0131rak\u0131lmas\u0131 genellikle bu web sitesinin belirli i\u015flevlerinin ve \u00f6zelliklerinin devre d\u0131\u015f\u0131 b\u0131rak\u0131lmas\u0131yla sonu\u00e7lanacakt\u0131r. Bu nedenle \u00e7erezleri devre d\u0131\u015f\u0131 b\u0131rakmaman\u0131z tavsiye edilir.<\/p>\n\n\n\n<p><strong>Ayarlad\u0131\u011f\u0131m\u0131z \u00e7erezler<\/strong><\/p>\n\n\n\n<ul class=\"wp-block-list\">\n<li><strong>Hesapla ilgili \u00e7erezler<\/strong>: E\u011fer bizde bir hesap olu\u015fturursan\u0131z, kay\u0131t s\u00fcrecini ve genel y\u00f6netimi y\u00f6netmek i\u00e7in \u00e7erezleri kullanaca\u011f\u0131z. Bu \u00e7erezler genellikle \u00e7\u0131k\u0131\u015f yapt\u0131\u011f\u0131n\u0131zda silinir, ancak baz\u0131 durumlarda \u00e7\u0131k\u0131\u015f yapt\u0131\u011f\u0131n\u0131zda site tercihlerinizi hat\u0131rlamak i\u00e7in daha sonra da kalabilirler.<\/li>\n\n\n\n<li><strong>Giri\u015fle ilgili \u00e7erezler<\/strong>: Giri\u015f yapt\u0131\u011f\u0131n\u0131zda \u00e7erezleri kullan\u0131r\u0131z, b\u00f6ylece bu i\u015flemi hat\u0131rlayabiliriz. Bu, sizi her yeni sayfay\u0131 ziyaret etti\u011finizde oturum a\u00e7ma zorunlulu\u011fundan kurtar\u0131r. Oturum a\u00e7t\u0131\u011f\u0131n\u0131zda yaln\u0131zca k\u0131s\u0131tl\u0131 \u00f6zelliklere ve alanlara eri\u015febilmenizi sa\u011flamak i\u00e7in bu \u00e7erezler normalde oturumunuzu kapatt\u0131\u011f\u0131n\u0131zda kald\u0131r\u0131l\u0131r veya temizlenir.<\/li>\n\n\n\n<li><strong>E-posta b\u00fcltenleriyle ilgili \u00e7erezler<\/strong>: Bu site haber b\u00fclteni veya e-posta aboneli\u011fi hizmetleri sunmaktad\u0131r ve \u00e7erezler, halihaz\u0131rda kay\u0131tl\u0131 olup olmad\u0131\u011f\u0131n\u0131z\u0131 ve yaln\u0131zca abone olan\/abone olmayan kullan\u0131c\u0131lar i\u00e7in ge\u00e7erli olan belirli bildirimlerin g\u00f6sterilip g\u00f6sterilmeyece\u011fini hat\u0131rlamak i\u00e7in kullan\u0131labilir.<\/li>\n<\/ul>","protected":false},"excerpt":{"rendered":"<p>Gizlili\u011finiz bizim i\u00e7in \u00f6nemlidir. MobilesLook&#039;un politikas\u0131, MobilesLook web sitesinde ve sahip oldu\u011fumuz ve i\u015fletti\u011fimiz di\u011fer sitelerde sizden toplayabilece\u011fimiz t\u00fcm bilgilerle ilgili olarak gizlili\u011finize sayg\u0131 g\u00f6stermektir. Ki\u015fisel bilgilerinizi yaln\u0131zca bir hizmet sunmak i\u00e7in ger\u00e7ekten ihtiya\u00e7 duydu\u011fumuzda isteriz. Bu bilgileri adil ve yasal yollarla, a\u015fa\u011f\u0131dakilerle birlikte toplar\u0131z: <a title=\"Gizlilik Politikas\u0131\" class=\"read-more\" href=\"https:\/\/mobileslook.com\/tr\/politica-de-privacidade\/\" aria-label=\"Gizlilik Politikas\u0131 hakk\u0131nda daha fazla bilgi edinin\">devam\u0131n\u0131 oku<\/a><\/p>","protected":false},"author":1,"featured_media":0,"parent":0,"menu_order":0,"comment_status":"closed","ping_status":"closed","template":"","meta":{"footnotes":""},"class_list":["post-170","page","type-page","status-publish"],"_links":{"self":[{"href":"https:\/\/mobileslook.com\/tr\/wp-json\/wp\/v2\/pages\/170","targetHints":{"allow":["GET"]}}],"collection":[{"href":"https:\/\/mobileslook.com\/tr\/wp-json\/wp\/v2\/pages"}],"about":[{"href":"https:\/\/mobileslook.com\/tr\/wp-json\/wp\/v2\/types\/page"}],"author":[{"embeddable":true,"href":"https:\/\/mobileslook.com\/tr\/wp-json\/wp\/v2\/users\/1"}],"replies":[{"embeddable":true,"href":"https:\/\/mobileslook.com\/tr\/wp-json\/wp\/v2\/comments?post=170"}],"version-history":[{"count":1,"href":"https:\/\/mobileslook.com\/tr\/wp-json\/wp\/v2\/pages\/170\/revisions"}],"predecessor-version":[{"id":173,"href":"https:\/\/mobileslook.com\/tr\/wp-json\/wp\/v2\/pages\/170\/revisions\/173"}],"wp:attachment":[{"href":"https:\/\/mobileslook.com\/tr\/wp-json\/wp\/v2\/media?parent=170"}],"curies":[{"name":"wp","href":"https:\/\/api.w.org\/{rel}","templated":true}]}}