{"id":177,"date":"2024-04-30T06:04:09","date_gmt":"2024-04-30T06:04:09","guid":{"rendered":"https:\/\/mobileslook.com\/?page_id=177"},"modified":"2024-04-30T06:04:09","modified_gmt":"2024-04-30T06:04:09","slug":"temas-etmek","status":"publish","type":"page","link":"https:\/\/mobileslook.com\/tr\/contato\/","title":{"rendered":"Temas etmek"},"content":{"rendered":"<p>Herhangi bir sorunuz veya \u00f6neriniz varsa l\u00fctfen a\u015fa\u011f\u0131daki e-posta yoluyla bizimle ileti\u015fime ge\u00e7in:<\/p>\n\n\n\n<p>contato@mobileslook.com<\/p>","protected":false},"excerpt":{"rendered":"<p>Sorular\u0131n\u0131z, \u00f6nerileriniz varsa l\u00fctfen a\u015fa\u011f\u0131daki e-posta adresinden bize ula\u015f\u0131n: contato@mobileslook.com<\/p>","protected":false},"author":1,"featured_media":0,"parent":0,"menu_order":0,"comment_status":"closed","ping_status":"closed","template":"","meta":{"footnotes":""},"class_list":["post-177","page","type-page","status-publish"],"_links":{"self":[{"href":"https:\/\/mobileslook.com\/tr\/wp-json\/wp\/v2\/pages\/177","targetHints":{"allow":["GET"]}}],"collection":[{"href":"https:\/\/mobileslook.com\/tr\/wp-json\/wp\/v2\/pages"}],"about":[{"href":"https:\/\/mobileslook.com\/tr\/wp-json\/wp\/v2\/types\/page"}],"author":[{"embeddable":true,"href":"https:\/\/mobileslook.com\/tr\/wp-json\/wp\/v2\/users\/1"}],"replies":[{"embeddable":true,"href":"https:\/\/mobileslook.com\/tr\/wp-json\/wp\/v2\/comments?post=177"}],"version-history":[{"count":1,"href":"https:\/\/mobileslook.com\/tr\/wp-json\/wp\/v2\/pages\/177\/revisions"}],"predecessor-version":[{"id":178,"href":"https:\/\/mobileslook.com\/tr\/wp-json\/wp\/v2\/pages\/177\/revisions\/178"}],"wp:attachment":[{"href":"https:\/\/mobileslook.com\/tr\/wp-json\/wp\/v2\/media?parent=177"}],"curies":[{"name":"wp","href":"https:\/\/api.w.org\/{rel}","templated":true}]}}