{"id":177,"date":"2024-04-30T06:04:09","date_gmt":"2024-04-30T06:04:09","guid":{"rendered":"https:\/\/mobileslook.com\/?page_id=177"},"modified":"2024-04-30T06:04:09","modified_gmt":"2024-04-30T06:04:09","slug":"lien-he","status":"publish","type":"page","link":"https:\/\/mobileslook.com\/vi\/contato\/","title":{"rendered":"Li\u00ean h\u1ec7"},"content":{"rendered":"<p>N\u1ebfu b\u1ea1n c\u00f3 b\u1ea5t k\u1ef3 c\u00e2u h\u1ecfi ho\u1eb7c \u0111\u1ec1 xu\u1ea5t n\u00e0o, vui l\u00f2ng li\u00ean h\u1ec7 v\u1edbi ch\u00fang t\u00f4i qua email d\u01b0\u1edbi \u0111\u00e2y:<\/p>\n\n\n\n<p>contato@mobileslook.com<\/p>","protected":false},"excerpt":{"rendered":"<p>M\u1ecdi th\u1eafc m\u1eafc, g\u00f3p \u00fd, vui l\u00f2ng li\u00ean h\u1ec7 v\u1edbi ch\u00fang t\u00f4i qua email b\u00ean d\u01b0\u1edbi: contato@mobileslook.com<\/p>","protected":false},"author":1,"featured_media":0,"parent":0,"menu_order":0,"comment_status":"closed","ping_status":"closed","template":"","meta":{"footnotes":""},"class_list":["post-177","page","type-page","status-publish"],"_links":{"self":[{"href":"https:\/\/mobileslook.com\/vi\/wp-json\/wp\/v2\/pages\/177","targetHints":{"allow":["GET"]}}],"collection":[{"href":"https:\/\/mobileslook.com\/vi\/wp-json\/wp\/v2\/pages"}],"about":[{"href":"https:\/\/mobileslook.com\/vi\/wp-json\/wp\/v2\/types\/page"}],"author":[{"embeddable":true,"href":"https:\/\/mobileslook.com\/vi\/wp-json\/wp\/v2\/users\/1"}],"replies":[{"embeddable":true,"href":"https:\/\/mobileslook.com\/vi\/wp-json\/wp\/v2\/comments?post=177"}],"version-history":[{"count":1,"href":"https:\/\/mobileslook.com\/vi\/wp-json\/wp\/v2\/pages\/177\/revisions"}],"predecessor-version":[{"id":178,"href":"https:\/\/mobileslook.com\/vi\/wp-json\/wp\/v2\/pages\/177\/revisions\/178"}],"wp:attachment":[{"href":"https:\/\/mobileslook.com\/vi\/wp-json\/wp\/v2\/media?parent=177"}],"curies":[{"name":"wp","href":"https:\/\/api.w.org\/{rel}","templated":true}]}}